{"id":933,"date":"2020-11-09T11:16:33","date_gmt":"2020-11-09T10:16:33","guid":{"rendered":"https:\/\/itrop.ird.fr\/wordpress\/?page_id=933"},"modified":"2022-04-06T14:48:55","modified_gmt":"2022-04-06T12:48:55","slug":"trainings-2019-admin-hpc-module-2-singularity-fr","status":"publish","type":"page","link":"https:\/\/bioinfo.ird.fr\/index.php\/trainings-fr\/trainings-2019-admin-hpc-module-2\/trainings-2019-admin-hpc-module-2-singularity-fr\/","title":{"rendered":"Trainings 2019 &#8211; Admin HPC &#8211; module 2 &#8211; Singularity &#8211; FR"},"content":{"rendered":"<h2>Installation de Singularity<\/h2>\n<table>\n<thead>\n<tr>\n<th style=\"text-align: left;\">Description<\/th>\n<th style=\"text-align: left;\">Installation de Singularity sur Centos7<\/th>\n<\/tr>\n<\/thead>\n<tbody>\n<tr>\n<td style=\"text-align: left;\">Support de cours li\u00e9s<\/td>\n<td style=\"text-align: left;\"><a href=\"https:\/\/itrop.ird.fr\/wordpress\/index.php\/trainings-2019-admin-hpc-module-2\/\">HPC Administration Module2<\/a><\/td>\n<\/tr>\n<tr>\n<td style=\"text-align: left;\">Auteur<\/td>\n<td style=\"text-align: left;\">Ndomassi TANDO (ndomassi.tando@ird.fr)<\/td>\n<\/tr>\n<tr>\n<td style=\"text-align: left;\">Date de cr\u00e9ation<\/td>\n<td style=\"text-align: left;\">24\/09\/2019<\/td>\n<\/tr>\n<tr>\n<td style=\"text-align: left;\">Date de modification<\/td>\n<td style=\"text-align: left;\">24\/09\/2019<\/td>\n<\/tr>\n<\/tbody>\n<\/table>\n<hr \/>\n<h3>Summary<\/h3>\n<p><!-- TOC depthFrom:2 depthTo:2 withLinks:1 updateOnSave:1 orderedList:0 --><\/p>\n<ul>\n<li><a href=\"#part-1\">Installer les  d\u00e9pendances<\/a><\/li>\n<li><a href=\"#part-2\">Installer le langage de programmation Go<\/a><\/li>\n<li><a href=\"#part-3\">T\u00e9l\u00e9charger et installer Singularity 3.X depuis le repo<\/a><\/li>\n<li><a href=\"#part-4\">T\u00e9l\u00e9charger et installer Singularity 2.6<\/a><\/li>\n<li><a href=\"#part-5\">Modifier les Bind path dans Singularity<\/a><\/li>\n<li><a href=\"#links\">Links<\/a><\/li>\n<li><a href=\"#license\">License<\/a><\/li>\n<\/ul>\n<hr \/>\n<p><a name=\"part-1\"><\/a><\/p>\n<h2>Installer les  d\u00e9pendances<\/h2>\n<pre><code>      $ sudo yum update -y &amp;&amp; \\\n      sudo yum groupinstall -y &#039;Development Tools&#039; &amp;&amp; \\\n      sudo yum install -y \\\n      openssl-devel \\\n      libuuid-devel \\\n      libseccomp-devel \\\n      wget \\\n      squashfs-tools \\\n      git<\/code><\/pre>\n<hr \/>\n<p><a name=\"part-2\"><\/a><\/p>\n<h2>Installer le langage de programmation Go:<\/h2>\n<p>Aller  sur  <a href=\"https:\/\/golang.org\/dl\/\">Download Page<\/a> et choisir l'archive go.1.12.5.linux-amd64.tar.gz<\/p>\n<p>Lancer les commandes suivantes:<\/p>\n<pre><code># T\u00e9l\u00e9charger l&#039;archive\n    wget https:\/\/dl.google.com\/go\/go1.12.5.linux-amd64.tar.gz\n    # Extraire l&#039;archive dans \/usr\/local\n    sudo tar -C \/usr\/local -xzvf go1.12.5.linux-amd64.tar.gz<\/code><\/pre>\n<p>Mettre en place votre  environnement pour Go avec les commandes suivantes:<\/p>\n<pre><code># Cr\u00e9er la variable GOPATH  dans \/etc\/profile\n    echo &#039;export GOPATH=${HOME}\/go&#039; &gt;&gt; \/etc\/profile\n    # Posttionner  le PATH avec Go\n    echo &#039;export PATH=\/usr\/local\/go\/bin:${PATH}:${GOPATH}\/bin&#039; &gt;&gt; \/etc\/profile\n    # Resource \/etc\/profile pour prendre e compte les modifs\n     source \/etc\/profile<\/code><\/pre>\n<p>Pour Singularity &gt; v3.0.0, on a aussi besoin d'installer <code>dep<\/code> pour la r\u00e9solution de d\u00e9pendances<\/p>\n<pre><code>go get -u github.com\/golang\/dep\/<\/code><\/pre>\n<hr \/>\n<p><a name=\"part-3\"><\/a><\/p>\n<h2>T\u00e9l\u00e9charger et installer singularity depuis le repo:<\/h2>\n<p>T\u00e9l\u00e9charger le code source de  singularity avec:<\/p>\n<pre><code>go get -d github.com\/sylabs\/singularity<\/code><\/pre>\n<p>On obtient  un warning mais  \u00e7a t\u00e9l\u00e9charge quand m\u00eame  le code source de Singularity dans le r\u00e9pertoire appropri\u00e9 dans <code>$GOPATH<\/code><\/p>\n<pre><code># aller dans le r\u00e9pertoire singularity\n     cd ~\/go\/src\/github.com\/sylabs\/singularity\/ \n     # lancer la commande mconfig ( avec --prefix=path pour fixer le r\u00e9pertoire d&#039;installation)\n     .\/mconfig --prefix=\/usr\/local\/singularity\n     # Compiler dans le r\u00e9pertoire de build \n     make -C .\/builddir\n     # Installer les binaires dans \/usr\/local\/singularity\/bin en tant que  superuser\n     sudo make -C .\/builddir install<\/code><\/pre>\n<p>Taper les commandes suivantes dans \/etc\/profile  pour permettre la  completion dans Singularity:<\/p>\n<pre><code>. \/usr\/local\/etc\/bash_completion.d\/singularity\n    # resourcer \/etc\/profile\n    source \/etc\/profile<\/code><\/pre>\n<hr \/>\n<p><a name=\"part-4\"><\/a><\/p>\n<h2>T\u00e9l\u00e9charger et installer singularity 2.6:<\/h2>\n<pre><code>$ sudo yum update &amp;&amp; \\\n\n$ sudo yum groupinstall &#039;Development Tools&#039; &amp;&amp; \\\n\n$ sudo yum install libarchive-devel squashfs-tools\n\n$ git clone https:\/\/github.com\/sylabs\/singularity.git\n\n$ cd singularity\n\n$ git fetch --all\n\n$ git checkout 2.6.0\n\n$ .\/autogen.sh\n\n$ .\/configure --prefix=\/usr\/local\/singularity-2.6\n\n$ make\n\n$ sudo make install<\/code><\/pre>\n<hr \/>\n<p>&lt;a name=&quot;part-5&gt;<\/a><\/p>\n<h2>Modifier les  Bind path dans Singularity<\/h2>\n<p>Les bind path sont les partitions de l'h\u00f4te qui sont directement mont\u00e9es dans un conteneur lorsqu'on le lance.<\/p>\n<p>Modifier le fichier <code>\/usr\/local\/singularity\/etc\/singularity\/singularity.conf<\/code><\/p>\n<p>Dans la rubrique BIND PATH<\/p>\n<p>Rajouter les lignes:<\/p>\n<p>Par exemple:<\/p>\n<pre><code>bind path = \/opt\nbind path = \/scratch\nbind path = \/data<\/code><\/pre>\n<p>Il faut \u00e9galement activer l'overlay avec la ligne:<\/p>\n<pre><code>enable overlay = yes<\/code><\/pre>\n<hr \/>\n<h3>Links<\/h3>\n<p><a name=\"links\"><\/a><\/p>\n<ul>\n<li>Cours li\u00e9s : <a href=\"https:\/\/itrop.ird.fr\/wordpress\/index.php\/trainings-2019-hpc\/\">HPC Trainings<\/a><\/li>\n<\/ul>\n<hr \/>\n<h3>License<\/h3>\n<p><a name=\"license\"><\/a><\/p>\n<div>\nThe resource material is licensed under the Creative Commons Attribution 4.0 International License (<a href=\"http:\/\/creativecommons.org\/licenses\/by-nc-sa\/4.0\/\">here<\/a>).<br \/>\n<center><img decoding=\"async\" width=\"25%\" class=\"img-responsive\" src=\"http:\/\/creativecommons.org.nz\/wp-content\/uploads\/2012\/05\/by-nc-sa1.png\"\/><br \/>\n<\/center>\n<\/div>\n","protected":false},"excerpt":{"rendered":"<p>Installation de Singularity Description Installation de Singularity sur Centos7 Support de cours li\u00e9s HPC Administration Module2 Auteur Ndomassi TANDO (ndomassi.tando@ird.fr)&hellip; <br \/> <a class=\"read-more\" href=\"https:\/\/bioinfo.ird.fr\/index.php\/trainings-fr\/trainings-2019-admin-hpc-module-2\/trainings-2019-admin-hpc-module-2-singularity-fr\/\">Lire la suite<\/a><\/p>\n","protected":false},"author":1,"featured_media":0,"parent":928,"menu_order":0,"comment_status":"closed","ping_status":"closed","template":"","meta":{"inline_featured_image":false,"footnotes":""},"class_list":["post-933","page","type-page","status-publish","hentry"],"yoast_head":"<!-- This site is optimized with the Yoast SEO plugin v24.2 - https:\/\/yoast.com\/wordpress\/plugins\/seo\/ -->\n<title>Trainings 2019 - Admin HPC - module 2 - Singularity - FR - itrop<\/title>\n<meta name=\"robots\" content=\"index, follow, max-snippet:-1, max-image-preview:large, max-video-preview:-1\" \/>\n<link rel=\"canonical\" href=\"https:\/\/bioinfo.ird.fr\/index.php\/trainings-fr\/trainings-2019-admin-hpc-module-2\/trainings-2019-admin-hpc-module-2-singularity-fr\/\" \/>\n<meta property=\"og:locale\" content=\"fr_FR\" \/>\n<meta property=\"og:type\" content=\"article\" \/>\n<meta property=\"og:title\" content=\"Trainings 2019 - Admin HPC - module 2 - Singularity - FR - itrop\" \/>\n<meta property=\"og:description\" content=\"Installation de Singularity Description Installation de Singularity sur Centos7 Support de cours li\u00e9s HPC Administration Module2 Auteur Ndomassi TANDO (ndomassi.tando@ird.fr)&hellip; Lire la suite\" \/>\n<meta property=\"og:url\" content=\"https:\/\/bioinfo.ird.fr\/index.php\/trainings-fr\/trainings-2019-admin-hpc-module-2\/trainings-2019-admin-hpc-module-2-singularity-fr\/\" \/>\n<meta property=\"og:site_name\" content=\"itrop\" \/>\n<meta property=\"article:modified_time\" content=\"2022-04-06T12:48:55+00:00\" \/>\n<meta property=\"og:image\" content=\"http:\/\/creativecommons.org.nz\/wp-content\/uploads\/2012\/05\/by-nc-sa1.png\" \/>\n<meta name=\"twitter:card\" content=\"summary_large_image\" \/>\n<meta name=\"twitter:site\" content=\"@ItropBioinfo\" \/>\n<meta name=\"twitter:label1\" content=\"Dur\u00e9e de lecture estim\u00e9e\" \/>\n\t<meta name=\"twitter:data1\" content=\"3 minutes\" \/>\n<script type=\"application\/ld+json\" class=\"yoast-schema-graph\">{\"@context\":\"https:\/\/schema.org\",\"@graph\":[{\"@type\":\"WebPage\",\"@id\":\"https:\/\/bioinfo.ird.fr\/index.php\/trainings-fr\/trainings-2019-admin-hpc-module-2\/trainings-2019-admin-hpc-module-2-singularity-fr\/\",\"url\":\"https:\/\/bioinfo.ird.fr\/index.php\/trainings-fr\/trainings-2019-admin-hpc-module-2\/trainings-2019-admin-hpc-module-2-singularity-fr\/\",\"name\":\"Trainings 2019 - Admin HPC - module 2 - Singularity - FR - itrop\",\"isPartOf\":{\"@id\":\"https:\/\/bioinfo.ird.fr\/#website\"},\"primaryImageOfPage\":{\"@id\":\"https:\/\/bioinfo.ird.fr\/index.php\/trainings-fr\/trainings-2019-admin-hpc-module-2\/trainings-2019-admin-hpc-module-2-singularity-fr\/#primaryimage\"},\"image\":{\"@id\":\"https:\/\/bioinfo.ird.fr\/index.php\/trainings-fr\/trainings-2019-admin-hpc-module-2\/trainings-2019-admin-hpc-module-2-singularity-fr\/#primaryimage\"},\"thumbnailUrl\":\"http:\/\/creativecommons.org.nz\/wp-content\/uploads\/2012\/05\/by-nc-sa1.png\",\"datePublished\":\"2020-11-09T10:16:33+00:00\",\"dateModified\":\"2022-04-06T12:48:55+00:00\",\"breadcrumb\":{\"@id\":\"https:\/\/bioinfo.ird.fr\/index.php\/trainings-fr\/trainings-2019-admin-hpc-module-2\/trainings-2019-admin-hpc-module-2-singularity-fr\/#breadcrumb\"},\"inLanguage\":\"fr-FR\",\"potentialAction\":[{\"@type\":\"ReadAction\",\"target\":[\"https:\/\/bioinfo.ird.fr\/index.php\/trainings-fr\/trainings-2019-admin-hpc-module-2\/trainings-2019-admin-hpc-module-2-singularity-fr\/\"]}]},{\"@type\":\"ImageObject\",\"inLanguage\":\"fr-FR\",\"@id\":\"https:\/\/bioinfo.ird.fr\/index.php\/trainings-fr\/trainings-2019-admin-hpc-module-2\/trainings-2019-admin-hpc-module-2-singularity-fr\/#primaryimage\",\"url\":\"http:\/\/creativecommons.org.nz\/wp-content\/uploads\/2012\/05\/by-nc-sa1.png\",\"contentUrl\":\"http:\/\/creativecommons.org.nz\/wp-content\/uploads\/2012\/05\/by-nc-sa1.png\"},{\"@type\":\"BreadcrumbList\",\"@id\":\"https:\/\/bioinfo.ird.fr\/index.php\/trainings-fr\/trainings-2019-admin-hpc-module-2\/trainings-2019-admin-hpc-module-2-singularity-fr\/#breadcrumb\",\"itemListElement\":[{\"@type\":\"ListItem\",\"position\":1,\"name\":\"Accueil\",\"item\":\"https:\/\/bioinfo.ird.fr\/index.php\/en\/front-page-2\/\"},{\"@type\":\"ListItem\",\"position\":2,\"name\":\"Trainings &#8211; FR\",\"item\":\"https:\/\/bioinfo.ird.fr\/index.php\/trainings-fr\/\"},{\"@type\":\"ListItem\",\"position\":3,\"name\":\"Trainings 2019 &#8211; Admin HPC &#8211; module 2\",\"item\":\"https:\/\/bioinfo.ird.fr\/index.php\/trainings-fr\/trainings-2019-admin-hpc-module-2\/\"},{\"@type\":\"ListItem\",\"position\":4,\"name\":\"Trainings 2019 &#8211; Admin HPC &#8211; module 2 &#8211; Singularity &#8211; FR\"}]},{\"@type\":\"WebSite\",\"@id\":\"https:\/\/bioinfo.ird.fr\/#website\",\"url\":\"https:\/\/bioinfo.ird.fr\/\",\"name\":\"itrop\",\"description\":\"\",\"publisher\":{\"@id\":\"https:\/\/bioinfo.ird.fr\/#organization\"},\"potentialAction\":[{\"@type\":\"SearchAction\",\"target\":{\"@type\":\"EntryPoint\",\"urlTemplate\":\"https:\/\/bioinfo.ird.fr\/?s={search_term_string}\"},\"query-input\":{\"@type\":\"PropertyValueSpecification\",\"valueRequired\":true,\"valueName\":\"search_term_string\"}}],\"inLanguage\":\"fr-FR\"},{\"@type\":\"Organization\",\"@id\":\"https:\/\/bioinfo.ird.fr\/#organization\",\"name\":\"i-Trop\",\"url\":\"https:\/\/bioinfo.ird.fr\/\",\"logo\":{\"@type\":\"ImageObject\",\"inLanguage\":\"fr-FR\",\"@id\":\"https:\/\/bioinfo.ird.fr\/#\/schema\/logo\/image\/\",\"url\":\"https:\/\/bioinfo.ird.fr\/wp-content\/uploads\/2021\/10\/i-tropTwt5.png\",\"contentUrl\":\"https:\/\/bioinfo.ird.fr\/wp-content\/uploads\/2021\/10\/i-tropTwt5.png\",\"width\":1356,\"height\":1356,\"caption\":\"i-Trop\"},\"image\":{\"@id\":\"https:\/\/bioinfo.ird.fr\/#\/schema\/logo\/image\/\"},\"sameAs\":[\"https:\/\/x.com\/ItropBioinfo\"]}]}<\/script>\n<!-- \/ Yoast SEO plugin. -->","yoast_head_json":{"title":"Trainings 2019 - Admin HPC - module 2 - Singularity - FR - itrop","robots":{"index":"index","follow":"follow","max-snippet":"max-snippet:-1","max-image-preview":"max-image-preview:large","max-video-preview":"max-video-preview:-1"},"canonical":"https:\/\/bioinfo.ird.fr\/index.php\/trainings-fr\/trainings-2019-admin-hpc-module-2\/trainings-2019-admin-hpc-module-2-singularity-fr\/","og_locale":"fr_FR","og_type":"article","og_title":"Trainings 2019 - Admin HPC - module 2 - Singularity - FR - itrop","og_description":"Installation de Singularity Description Installation de Singularity sur Centos7 Support de cours li\u00e9s HPC Administration Module2 Auteur Ndomassi TANDO (ndomassi.tando@ird.fr)&hellip; Lire la suite","og_url":"https:\/\/bioinfo.ird.fr\/index.php\/trainings-fr\/trainings-2019-admin-hpc-module-2\/trainings-2019-admin-hpc-module-2-singularity-fr\/","og_site_name":"itrop","article_modified_time":"2022-04-06T12:48:55+00:00","og_image":[{"url":"http:\/\/creativecommons.org.nz\/wp-content\/uploads\/2012\/05\/by-nc-sa1.png","type":"","width":"","height":""}],"twitter_card":"summary_large_image","twitter_site":"@ItropBioinfo","twitter_misc":{"Dur\u00e9e de lecture estim\u00e9e":"3 minutes"},"schema":{"@context":"https:\/\/schema.org","@graph":[{"@type":"WebPage","@id":"https:\/\/bioinfo.ird.fr\/index.php\/trainings-fr\/trainings-2019-admin-hpc-module-2\/trainings-2019-admin-hpc-module-2-singularity-fr\/","url":"https:\/\/bioinfo.ird.fr\/index.php\/trainings-fr\/trainings-2019-admin-hpc-module-2\/trainings-2019-admin-hpc-module-2-singularity-fr\/","name":"Trainings 2019 - Admin HPC - module 2 - Singularity - FR - itrop","isPartOf":{"@id":"https:\/\/bioinfo.ird.fr\/#website"},"primaryImageOfPage":{"@id":"https:\/\/bioinfo.ird.fr\/index.php\/trainings-fr\/trainings-2019-admin-hpc-module-2\/trainings-2019-admin-hpc-module-2-singularity-fr\/#primaryimage"},"image":{"@id":"https:\/\/bioinfo.ird.fr\/index.php\/trainings-fr\/trainings-2019-admin-hpc-module-2\/trainings-2019-admin-hpc-module-2-singularity-fr\/#primaryimage"},"thumbnailUrl":"http:\/\/creativecommons.org.nz\/wp-content\/uploads\/2012\/05\/by-nc-sa1.png","datePublished":"2020-11-09T10:16:33+00:00","dateModified":"2022-04-06T12:48:55+00:00","breadcrumb":{"@id":"https:\/\/bioinfo.ird.fr\/index.php\/trainings-fr\/trainings-2019-admin-hpc-module-2\/trainings-2019-admin-hpc-module-2-singularity-fr\/#breadcrumb"},"inLanguage":"fr-FR","potentialAction":[{"@type":"ReadAction","target":["https:\/\/bioinfo.ird.fr\/index.php\/trainings-fr\/trainings-2019-admin-hpc-module-2\/trainings-2019-admin-hpc-module-2-singularity-fr\/"]}]},{"@type":"ImageObject","inLanguage":"fr-FR","@id":"https:\/\/bioinfo.ird.fr\/index.php\/trainings-fr\/trainings-2019-admin-hpc-module-2\/trainings-2019-admin-hpc-module-2-singularity-fr\/#primaryimage","url":"http:\/\/creativecommons.org.nz\/wp-content\/uploads\/2012\/05\/by-nc-sa1.png","contentUrl":"http:\/\/creativecommons.org.nz\/wp-content\/uploads\/2012\/05\/by-nc-sa1.png"},{"@type":"BreadcrumbList","@id":"https:\/\/bioinfo.ird.fr\/index.php\/trainings-fr\/trainings-2019-admin-hpc-module-2\/trainings-2019-admin-hpc-module-2-singularity-fr\/#breadcrumb","itemListElement":[{"@type":"ListItem","position":1,"name":"Accueil","item":"https:\/\/bioinfo.ird.fr\/index.php\/en\/front-page-2\/"},{"@type":"ListItem","position":2,"name":"Trainings &#8211; FR","item":"https:\/\/bioinfo.ird.fr\/index.php\/trainings-fr\/"},{"@type":"ListItem","position":3,"name":"Trainings 2019 &#8211; Admin HPC &#8211; module 2","item":"https:\/\/bioinfo.ird.fr\/index.php\/trainings-fr\/trainings-2019-admin-hpc-module-2\/"},{"@type":"ListItem","position":4,"name":"Trainings 2019 &#8211; Admin HPC &#8211; module 2 &#8211; Singularity &#8211; FR"}]},{"@type":"WebSite","@id":"https:\/\/bioinfo.ird.fr\/#website","url":"https:\/\/bioinfo.ird.fr\/","name":"itrop","description":"","publisher":{"@id":"https:\/\/bioinfo.ird.fr\/#organization"},"potentialAction":[{"@type":"SearchAction","target":{"@type":"EntryPoint","urlTemplate":"https:\/\/bioinfo.ird.fr\/?s={search_term_string}"},"query-input":{"@type":"PropertyValueSpecification","valueRequired":true,"valueName":"search_term_string"}}],"inLanguage":"fr-FR"},{"@type":"Organization","@id":"https:\/\/bioinfo.ird.fr\/#organization","name":"i-Trop","url":"https:\/\/bioinfo.ird.fr\/","logo":{"@type":"ImageObject","inLanguage":"fr-FR","@id":"https:\/\/bioinfo.ird.fr\/#\/schema\/logo\/image\/","url":"https:\/\/bioinfo.ird.fr\/wp-content\/uploads\/2021\/10\/i-tropTwt5.png","contentUrl":"https:\/\/bioinfo.ird.fr\/wp-content\/uploads\/2021\/10\/i-tropTwt5.png","width":1356,"height":1356,"caption":"i-Trop"},"image":{"@id":"https:\/\/bioinfo.ird.fr\/#\/schema\/logo\/image\/"},"sameAs":["https:\/\/x.com\/ItropBioinfo"]}]}},"_links":{"self":[{"href":"https:\/\/bioinfo.ird.fr\/index.php\/wp-json\/wp\/v2\/pages\/933","targetHints":{"allow":["GET"]}}],"collection":[{"href":"https:\/\/bioinfo.ird.fr\/index.php\/wp-json\/wp\/v2\/pages"}],"about":[{"href":"https:\/\/bioinfo.ird.fr\/index.php\/wp-json\/wp\/v2\/types\/page"}],"author":[{"embeddable":true,"href":"https:\/\/bioinfo.ird.fr\/index.php\/wp-json\/wp\/v2\/users\/1"}],"replies":[{"embeddable":true,"href":"https:\/\/bioinfo.ird.fr\/index.php\/wp-json\/wp\/v2\/comments?post=933"}],"version-history":[{"count":1,"href":"https:\/\/bioinfo.ird.fr\/index.php\/wp-json\/wp\/v2\/pages\/933\/revisions"}],"predecessor-version":[{"id":934,"href":"https:\/\/bioinfo.ird.fr\/index.php\/wp-json\/wp\/v2\/pages\/933\/revisions\/934"}],"up":[{"embeddable":true,"href":"https:\/\/bioinfo.ird.fr\/index.php\/wp-json\/wp\/v2\/pages\/928"}],"wp:attachment":[{"href":"https:\/\/bioinfo.ird.fr\/index.php\/wp-json\/wp\/v2\/media?parent=933"}],"curies":[{"name":"wp","href":"https:\/\/api.w.org\/{rel}","templated":true}]}}