{"id":893,"date":"2020-11-06T15:39:54","date_gmt":"2020-11-06T14:39:54","guid":{"rendered":"https:\/\/itrop.ird.fr\/wordpress\/?page_id=893"},"modified":"2022-04-06T14:48:39","modified_gmt":"2022-04-06T12:48:39","slug":"trainings-2019-admin-hpc-module-1","status":"publish","type":"page","link":"https:\/\/bioinfo.ird.fr\/index.php\/trainings-fr\/trainings-2019-admin-hpc-module-1\/","title":{"rendered":"Trainings 2019 &#8211; Admin HPC &#8211; module 1"},"content":{"rendered":"<table class=\"table-contact\">\n<tr>\n<td><img decoding=\"async\" width=\"200%\" src=\"https:\/\/southgreenplatform.github.io\/trainings\/\/images\/training-hpcadvanced.jpeg\" alt=\"\" \/>\n<\/td>\n<td>\n<h1> Module 1 d'administration de HPC<\/h1>\n<p><\/p>\n<p>Cette formation est destin\u00e9e \u00e0 des administrateurs syst\u00e8mes.<br \/>\nElle permet d'apprendre \u00e0 configurer un cluster de calcul de mani\u00e8re simple selon trois axes majeurs:<\/p>\n<p>-  l'installation et  la configuration du noeud  maitre<\/p>\n<p>-  l'administration syst\u00e8me  et l'installation d'applications bioinformatiques<\/p>\n<p>-  l'installation et la configuration de l'ordonnanceur  Sun Grid Engine (SGE)<\/p>\n<\/td>\n<\/tr>\n<\/table>\n<h3>Pr\u00e9-requis<\/h3>\n<p>Savoir administrer des syst\u00e8mes linux<\/p>\n<div id=\"colonne1\">\n<h3>Programme<\/h3>\n<ul>\n<li> Installation syst\u00e8me du noeud ma\u00eetre<\/li>\n<li> Launch job arrays with SGE<\/li>\n<li> Cr\u00e9er une image PXE pour l'installationde noeud de  calcul <\/li>\n<li> Installer un noeud de calcul \u00e0 l'aide du PXE <\/li>\n<li> Gestion des utilisateurs et des quotas<\/li>\n<li> Installation de Module environment<\/li>\n<li> Installation de logiciels et int\u00e9gration de ces logiciels dans module environnment<\/li>\n<li> Installation de Sun Grid Engine<\/li>\n<li> Configuration des files d'attente<\/li>\n<li> Supervision des jobs d'analyse<\/li>\n<\/ul>\n<\/div>\n<div id=\"colonne2\">\n<h3>Objectifs<\/h3>\n<p>Apr\u00e8s ce cours, les participants seront capables de:<\/p>\n<ul>\n<li>installer un cluster de calcul <\/li>\n<li>installer des logiciels de  bioinformatique<\/li>\n<li>Configurer un ordonnanceur<\/li>\n<li>G\u00e9rer des files d'attentes de jobs<\/li>\n<\/ul>\n<\/div>\n<div id=\"colonne3\">\n<h3>Support de cours<\/h3>\n<ul>\n<li>Installation et configuration de centos 7: <a target=\"_blank\" href=\"https:\/\/itrop.ird.fr\/wordpress\/index.php\/trainings-2019-admin-hpc-module-1-centos7-fr\/\" rel=\"noopener noreferrer\">francais<\/a><a target=\"_blank\" href=\"https:\/\/itrop.ird.fr\/wordpress\/index.php\/trainings-2019-admin-hpc-module-1-centos7-en\/\" rel=\"noopener noreferrer\">  english<\/a><\/li>\n<li>Installation d'un serveur PXE: <a target=\"_blank\" href=\"https:\/\/itrop.ird.fr\/wordpress\/index.php\/trainings-2019-admin-hpc-module-1-installation-dun-serveur-pxe\/\" rel=\"noopener noreferrer\">francais<\/a><\/li>\n<li>Installation de logiciels: <a target=\"_blank\" href=\"https:\/\/itrop.ird.fr\/wordpress\/index.php\/trainings-2019-admin-hpc-module-1-installation-de-logiciels\/\" rel=\"noopener noreferrer\">francais<\/a><a target=\"_blank\" href=\"https:\/\/itrop.ird.fr\/wordpress\/index.php\/trainings-2019-admin-hpc-module-1-software-installation\/\" rel=\"noopener noreferrer\"> english<\/a><\/li>\n<li>Installation de Module Environment: <a target=\"_blank\" href=\"https:\/\/itrop.ird.fr\/wordpress\/index.php\/trainings-2019-admin-hpc-module-1-module-env-fr\/\" rel=\"noopener noreferrer\">francais<\/a><br \/>\n<a target=\"_blank\" href=\"https:\/\/itrop.ird.fr\/wordpress\/index.php\/trainings-2019-admin-hpc-module-1-module-env-en\/\" rel=\"noopener noreferrer\">  english<\/a><\/li>\n<li>Installation de Sun Grid Engine: <a target=\"_blank\" href=\"https:\/\/itrop.ird.fr\/wordpress\/index.php\/trainings-2019-admin-hpc-module-1-sge-installation\/\" rel=\"noopener noreferrer\">english<\/a><\/li>\n<li>Exercices : <a target=\"_blank\" href=\"https:\/\/itrop.ird.fr\/wordpress\/index.php\/trainings-2019-admin-hpc-module-1-exercices\/\" rel=\"noopener noreferrer\">francais<\/a> <\/li>\n<\/ul>\n<\/div>\n<div id=\"nextInline\" class=\"clearfix\">\n<h3>Instructors<\/h3>\n<ul>\n<li>Ndomassi Tando (NT) - ndomassi.tando@ird.fr<\/li>\n<li>Bertrand Pitollat(BP) - bertrand.pitollat@cirad.fr <\/li>\n<li>Paul Kouadio - paul.kouadio@ird.fr <\/li>\n<\/ul>\n<\/div>\n<h3>Formations<\/h3>\n<table>\n<thead>\n<tr>\n<th><strong>Date<\/strong><\/th>\n<th><strong>Lieu<\/strong><\/th>\n<th><strong>Sujet<\/strong><\/th>\n<th><strong>Participants<\/strong><\/th>\n<th><strong>Formateurs<\/strong><\/th>\n<th><strong>Liens<\/strong><\/th>\n<th><strong>Unites<\/strong><\/th>\n<\/tr>\n<\/thead>\n<tbody>\n<tr>\n<td>2019<\/td>\n<td>Universit\u00e9 Joseph KI-ZERBO (UJKZ) , Ouagadougou, Burkina faso<\/td>\n<td>Administration de HPC Module1<\/td>\n<td>12<\/td>\n<td>NT, PK<\/td>\n<td><\/td>\n<td>INERA, UJKZ, CERAAS<\/td>\n<\/tr>\n<tr>\n<td>2018<\/td>\n<td>University of Ghana, Accra, Ghana<\/td>\n<td>Administration de HPC Module1<\/td>\n<td>3<\/td>\n<td>NT<\/td>\n<td><\/td>\n<td>UMR DIADE<\/td>\n<\/tr>\n<tr>\n<td>2018<\/td>\n<td>CERAAS Thies, S\u00e9negal<\/td>\n<td>Administration de HPC Module1<\/td>\n<td>6<\/td>\n<td>NT,BP<\/td>\n<td><\/td>\n<td>UMR DIADE,AGAP<\/td>\n<\/tr>\n<\/tbody>\n<\/table>\n","protected":false},"excerpt":{"rendered":"<p>Module 1 d&rsquo;administration de HPC Cette formation est destin\u00e9e \u00e0 des administrateurs syst\u00e8mes. Elle permet d&rsquo;apprendre \u00e0 configurer un cluster&hellip; <br \/> <a class=\"read-more\" href=\"https:\/\/bioinfo.ird.fr\/index.php\/trainings-fr\/trainings-2019-admin-hpc-module-1\/\">Lire la suite<\/a><\/p>\n","protected":false},"author":1,"featured_media":0,"parent":1321,"menu_order":0,"comment_status":"closed","ping_status":"closed","template":"","meta":{"inline_featured_image":false,"footnotes":""},"class_list":["post-893","page","type-page","status-publish","hentry"],"yoast_head":"<!-- This site is optimized with the Yoast SEO plugin v24.2 - https:\/\/yoast.com\/wordpress\/plugins\/seo\/ -->\n<title>Trainings 2019 - Admin HPC - module 1 - itrop<\/title>\n<meta name=\"robots\" content=\"index, follow, max-snippet:-1, max-image-preview:large, max-video-preview:-1\" \/>\n<link rel=\"canonical\" href=\"https:\/\/bioinfo.ird.fr\/index.php\/trainings-fr\/trainings-2019-admin-hpc-module-1\/\" \/>\n<meta property=\"og:locale\" content=\"fr_FR\" \/>\n<meta property=\"og:type\" content=\"article\" \/>\n<meta property=\"og:title\" content=\"Trainings 2019 - Admin HPC - module 1 - itrop\" \/>\n<meta property=\"og:description\" content=\"Module 1 d&#039;administration de HPC Cette formation est destin\u00e9e \u00e0 des administrateurs syst\u00e8mes. Elle permet d&#039;apprendre \u00e0 configurer un cluster&hellip; Lire la suite\" \/>\n<meta property=\"og:url\" content=\"https:\/\/bioinfo.ird.fr\/index.php\/trainings-fr\/trainings-2019-admin-hpc-module-1\/\" \/>\n<meta property=\"og:site_name\" content=\"itrop\" \/>\n<meta property=\"article:modified_time\" content=\"2022-04-06T12:48:39+00:00\" \/>\n<meta property=\"og:image\" content=\"https:\/\/southgreenplatform.github.io\/trainings\/\/images\/training-hpcadvanced.jpeg\" \/>\n<meta name=\"twitter:card\" content=\"summary_large_image\" \/>\n<meta name=\"twitter:site\" content=\"@ItropBioinfo\" \/>\n<meta name=\"twitter:label1\" content=\"Dur\u00e9e de lecture estim\u00e9e\" \/>\n\t<meta name=\"twitter:data1\" content=\"1 minute\" \/>\n<script type=\"application\/ld+json\" class=\"yoast-schema-graph\">{\"@context\":\"https:\/\/schema.org\",\"@graph\":[{\"@type\":\"WebPage\",\"@id\":\"https:\/\/bioinfo.ird.fr\/index.php\/trainings-fr\/trainings-2019-admin-hpc-module-1\/\",\"url\":\"https:\/\/bioinfo.ird.fr\/index.php\/trainings-fr\/trainings-2019-admin-hpc-module-1\/\",\"name\":\"Trainings 2019 - Admin HPC - module 1 - itrop\",\"isPartOf\":{\"@id\":\"https:\/\/bioinfo.ird.fr\/#website\"},\"primaryImageOfPage\":{\"@id\":\"https:\/\/bioinfo.ird.fr\/index.php\/trainings-fr\/trainings-2019-admin-hpc-module-1\/#primaryimage\"},\"image\":{\"@id\":\"https:\/\/bioinfo.ird.fr\/index.php\/trainings-fr\/trainings-2019-admin-hpc-module-1\/#primaryimage\"},\"thumbnailUrl\":\"https:\/\/southgreenplatform.github.io\/trainings\/\/images\/training-hpcadvanced.jpeg\",\"datePublished\":\"2020-11-06T14:39:54+00:00\",\"dateModified\":\"2022-04-06T12:48:39+00:00\",\"breadcrumb\":{\"@id\":\"https:\/\/bioinfo.ird.fr\/index.php\/trainings-fr\/trainings-2019-admin-hpc-module-1\/#breadcrumb\"},\"inLanguage\":\"fr-FR\",\"potentialAction\":[{\"@type\":\"ReadAction\",\"target\":[\"https:\/\/bioinfo.ird.fr\/index.php\/trainings-fr\/trainings-2019-admin-hpc-module-1\/\"]}]},{\"@type\":\"ImageObject\",\"inLanguage\":\"fr-FR\",\"@id\":\"https:\/\/bioinfo.ird.fr\/index.php\/trainings-fr\/trainings-2019-admin-hpc-module-1\/#primaryimage\",\"url\":\"https:\/\/southgreenplatform.github.io\/trainings\/\/images\/training-hpcadvanced.jpeg\",\"contentUrl\":\"https:\/\/southgreenplatform.github.io\/trainings\/\/images\/training-hpcadvanced.jpeg\"},{\"@type\":\"BreadcrumbList\",\"@id\":\"https:\/\/bioinfo.ird.fr\/index.php\/trainings-fr\/trainings-2019-admin-hpc-module-1\/#breadcrumb\",\"itemListElement\":[{\"@type\":\"ListItem\",\"position\":1,\"name\":\"Accueil\",\"item\":\"https:\/\/bioinfo.ird.fr\/index.php\/en\/front-page-2\/\"},{\"@type\":\"ListItem\",\"position\":2,\"name\":\"Trainings &#8211; FR\",\"item\":\"https:\/\/bioinfo.ird.fr\/index.php\/trainings-fr\/\"},{\"@type\":\"ListItem\",\"position\":3,\"name\":\"Trainings 2019 &#8211; Admin HPC &#8211; module 1\"}]},{\"@type\":\"WebSite\",\"@id\":\"https:\/\/bioinfo.ird.fr\/#website\",\"url\":\"https:\/\/bioinfo.ird.fr\/\",\"name\":\"itrop\",\"description\":\"\",\"publisher\":{\"@id\":\"https:\/\/bioinfo.ird.fr\/#organization\"},\"potentialAction\":[{\"@type\":\"SearchAction\",\"target\":{\"@type\":\"EntryPoint\",\"urlTemplate\":\"https:\/\/bioinfo.ird.fr\/?s={search_term_string}\"},\"query-input\":{\"@type\":\"PropertyValueSpecification\",\"valueRequired\":true,\"valueName\":\"search_term_string\"}}],\"inLanguage\":\"fr-FR\"},{\"@type\":\"Organization\",\"@id\":\"https:\/\/bioinfo.ird.fr\/#organization\",\"name\":\"i-Trop\",\"url\":\"https:\/\/bioinfo.ird.fr\/\",\"logo\":{\"@type\":\"ImageObject\",\"inLanguage\":\"fr-FR\",\"@id\":\"https:\/\/bioinfo.ird.fr\/#\/schema\/logo\/image\/\",\"url\":\"https:\/\/bioinfo.ird.fr\/wp-content\/uploads\/2021\/10\/i-tropTwt5.png\",\"contentUrl\":\"https:\/\/bioinfo.ird.fr\/wp-content\/uploads\/2021\/10\/i-tropTwt5.png\",\"width\":1356,\"height\":1356,\"caption\":\"i-Trop\"},\"image\":{\"@id\":\"https:\/\/bioinfo.ird.fr\/#\/schema\/logo\/image\/\"},\"sameAs\":[\"https:\/\/x.com\/ItropBioinfo\"]}]}<\/script>\n<!-- \/ Yoast SEO plugin. -->","yoast_head_json":{"title":"Trainings 2019 - Admin HPC - module 1 - itrop","robots":{"index":"index","follow":"follow","max-snippet":"max-snippet:-1","max-image-preview":"max-image-preview:large","max-video-preview":"max-video-preview:-1"},"canonical":"https:\/\/bioinfo.ird.fr\/index.php\/trainings-fr\/trainings-2019-admin-hpc-module-1\/","og_locale":"fr_FR","og_type":"article","og_title":"Trainings 2019 - Admin HPC - module 1 - itrop","og_description":"Module 1 d'administration de HPC Cette formation est destin\u00e9e \u00e0 des administrateurs syst\u00e8mes. Elle permet d'apprendre \u00e0 configurer un cluster&hellip; Lire la suite","og_url":"https:\/\/bioinfo.ird.fr\/index.php\/trainings-fr\/trainings-2019-admin-hpc-module-1\/","og_site_name":"itrop","article_modified_time":"2022-04-06T12:48:39+00:00","og_image":[{"url":"https:\/\/southgreenplatform.github.io\/trainings\/\/images\/training-hpcadvanced.jpeg","type":"","width":"","height":""}],"twitter_card":"summary_large_image","twitter_site":"@ItropBioinfo","twitter_misc":{"Dur\u00e9e de lecture estim\u00e9e":"1 minute"},"schema":{"@context":"https:\/\/schema.org","@graph":[{"@type":"WebPage","@id":"https:\/\/bioinfo.ird.fr\/index.php\/trainings-fr\/trainings-2019-admin-hpc-module-1\/","url":"https:\/\/bioinfo.ird.fr\/index.php\/trainings-fr\/trainings-2019-admin-hpc-module-1\/","name":"Trainings 2019 - Admin HPC - module 1 - itrop","isPartOf":{"@id":"https:\/\/bioinfo.ird.fr\/#website"},"primaryImageOfPage":{"@id":"https:\/\/bioinfo.ird.fr\/index.php\/trainings-fr\/trainings-2019-admin-hpc-module-1\/#primaryimage"},"image":{"@id":"https:\/\/bioinfo.ird.fr\/index.php\/trainings-fr\/trainings-2019-admin-hpc-module-1\/#primaryimage"},"thumbnailUrl":"https:\/\/southgreenplatform.github.io\/trainings\/\/images\/training-hpcadvanced.jpeg","datePublished":"2020-11-06T14:39:54+00:00","dateModified":"2022-04-06T12:48:39+00:00","breadcrumb":{"@id":"https:\/\/bioinfo.ird.fr\/index.php\/trainings-fr\/trainings-2019-admin-hpc-module-1\/#breadcrumb"},"inLanguage":"fr-FR","potentialAction":[{"@type":"ReadAction","target":["https:\/\/bioinfo.ird.fr\/index.php\/trainings-fr\/trainings-2019-admin-hpc-module-1\/"]}]},{"@type":"ImageObject","inLanguage":"fr-FR","@id":"https:\/\/bioinfo.ird.fr\/index.php\/trainings-fr\/trainings-2019-admin-hpc-module-1\/#primaryimage","url":"https:\/\/southgreenplatform.github.io\/trainings\/\/images\/training-hpcadvanced.jpeg","contentUrl":"https:\/\/southgreenplatform.github.io\/trainings\/\/images\/training-hpcadvanced.jpeg"},{"@type":"BreadcrumbList","@id":"https:\/\/bioinfo.ird.fr\/index.php\/trainings-fr\/trainings-2019-admin-hpc-module-1\/#breadcrumb","itemListElement":[{"@type":"ListItem","position":1,"name":"Accueil","item":"https:\/\/bioinfo.ird.fr\/index.php\/en\/front-page-2\/"},{"@type":"ListItem","position":2,"name":"Trainings &#8211; FR","item":"https:\/\/bioinfo.ird.fr\/index.php\/trainings-fr\/"},{"@type":"ListItem","position":3,"name":"Trainings 2019 &#8211; Admin HPC &#8211; module 1"}]},{"@type":"WebSite","@id":"https:\/\/bioinfo.ird.fr\/#website","url":"https:\/\/bioinfo.ird.fr\/","name":"itrop","description":"","publisher":{"@id":"https:\/\/bioinfo.ird.fr\/#organization"},"potentialAction":[{"@type":"SearchAction","target":{"@type":"EntryPoint","urlTemplate":"https:\/\/bioinfo.ird.fr\/?s={search_term_string}"},"query-input":{"@type":"PropertyValueSpecification","valueRequired":true,"valueName":"search_term_string"}}],"inLanguage":"fr-FR"},{"@type":"Organization","@id":"https:\/\/bioinfo.ird.fr\/#organization","name":"i-Trop","url":"https:\/\/bioinfo.ird.fr\/","logo":{"@type":"ImageObject","inLanguage":"fr-FR","@id":"https:\/\/bioinfo.ird.fr\/#\/schema\/logo\/image\/","url":"https:\/\/bioinfo.ird.fr\/wp-content\/uploads\/2021\/10\/i-tropTwt5.png","contentUrl":"https:\/\/bioinfo.ird.fr\/wp-content\/uploads\/2021\/10\/i-tropTwt5.png","width":1356,"height":1356,"caption":"i-Trop"},"image":{"@id":"https:\/\/bioinfo.ird.fr\/#\/schema\/logo\/image\/"},"sameAs":["https:\/\/x.com\/ItropBioinfo"]}]}},"_links":{"self":[{"href":"https:\/\/bioinfo.ird.fr\/index.php\/wp-json\/wp\/v2\/pages\/893","targetHints":{"allow":["GET"]}}],"collection":[{"href":"https:\/\/bioinfo.ird.fr\/index.php\/wp-json\/wp\/v2\/pages"}],"about":[{"href":"https:\/\/bioinfo.ird.fr\/index.php\/wp-json\/wp\/v2\/types\/page"}],"author":[{"embeddable":true,"href":"https:\/\/bioinfo.ird.fr\/index.php\/wp-json\/wp\/v2\/users\/1"}],"replies":[{"embeddable":true,"href":"https:\/\/bioinfo.ird.fr\/index.php\/wp-json\/wp\/v2\/comments?post=893"}],"version-history":[{"count":6,"href":"https:\/\/bioinfo.ird.fr\/index.php\/wp-json\/wp\/v2\/pages\/893\/revisions"}],"predecessor-version":[{"id":920,"href":"https:\/\/bioinfo.ird.fr\/index.php\/wp-json\/wp\/v2\/pages\/893\/revisions\/920"}],"up":[{"embeddable":true,"href":"https:\/\/bioinfo.ird.fr\/index.php\/wp-json\/wp\/v2\/pages\/1321"}],"wp:attachment":[{"href":"https:\/\/bioinfo.ird.fr\/index.php\/wp-json\/wp\/v2\/media?parent=893"}],"curies":[{"name":"wp","href":"https:\/\/api.w.org\/{rel}","templated":true}]}}