{"id":877,"date":"2020-11-06T10:40:14","date_gmt":"2020-11-06T09:40:14","guid":{"rendered":"https:\/\/itrop.ird.fr\/wordpress\/?page_id=877"},"modified":"2026-03-13T17:38:49","modified_gmt":"2026-03-13T16:38:49","slug":"trainings-2019-hpc","status":"publish","type":"page","link":"https:\/\/bioinfo.ird.fr\/index.php\/trainings-fr\/trainings-2019-hpc\/","title":{"rendered":"Trainings- HPC"},"content":{"rendered":"\t\t<div data-elementor-type=\"wp-page\" data-elementor-id=\"877\" class=\"elementor elementor-877\">\n\t\t\t\t\t\t<div class=\"elementor-inner\">\n\t\t\t\t<div class=\"elementor-section-wrap\">\n\t\t\t\t\t\t\t\t\t<section class=\"has_eae_slider elementor-section elementor-top-section elementor-element elementor-element-4f2d6a18 elementor-section-boxed elementor-section-height-default elementor-section-height-default exad-glass-effect-no exad-sticky-section-no\" data-id=\"4f2d6a18\" data-element_type=\"section\">\n\t\t\t\t\t\t<div class=\"elementor-container elementor-column-gap-default\">\n\t\t\t\t\t\t\t<div class=\"elementor-row\">\n\t\t\t\t\t<div class=\"has_eae_slider elementor-column elementor-col-100 elementor-top-column elementor-element elementor-element-385cfe44 exad-glass-effect-no exad-sticky-section-no\" data-id=\"385cfe44\" data-element_type=\"column\">\n\t\t\t<div class=\"elementor-column-wrap elementor-element-populated\">\n\t\t\t\t\t\t\t<div class=\"elementor-widget-wrap\">\n\t\t\t\t\t\t<div class=\"elementor-element elementor-element-2a4a8885 exad-sticky-section-no exad-glass-effect-no elementor-widget elementor-widget-text-editor\" data-id=\"2a4a8885\" data-element_type=\"widget\" data-widget_type=\"text-editor.default\">\n\t\t\t\t<div class=\"elementor-widget-container\">\n\t\t\t\t\t\t\t\t<div class=\"elementor-text-editor elementor-clearfix\">\n\t\t\t\t<table class=\"table-contact\">\n<tbody>\n<tr>\n<td><img decoding=\"async\" width=\"250%\" src=\"https:\/\/southgreenplatform.github.io\/trainings\/\/images\/trainings-hpc.jpeg\" alt=\"\">\n<\/td>\n<td>\n<h1> Initiation \u00e0 l&rsquo;utilisation du cluster i-Trop  <\/h1>\n<p>Ce cours est une introduction \u00e0 l&rsquo;utilisation du cluster i-Trop.<br>Il s&rsquo;adresse aux nouveaux utilisateurs avec le but d&rsquo;am\u00e9liorer leur autonomie dans le lancement de leurs analyses.<br>Les notions de Module environment, utilisation en mode int\u00e9ractif, lancement de jobs en mode batch seront d\u00e9velopp\u00e9es.\n<\/p>\n<\/td>\n<\/tr>\n<\/tbody>\n<\/table>\n<h3>Pr\u00e9-requis<\/h3>\n<p>Bases sous Linux<\/p>\n<div id=\"colonne1\">\n<h3>Programme<\/h3>\n<ul>\n<li> Introduction aux architectures de cluster <\/li>\n<li> D\u00e9couvrir l&rsquo;utilisation de Slurm <\/li>\n<li> Gestion des donn\u00e9es sur le cluster<\/li>\n<li> Utilisation en mode interactif<\/li>\n<li> Lancement de jobs en mode batch<\/li>\n<\/ul>\n<\/div>\n<div id=\"colonne2\">\n<h3>Objectifs<\/h3>\n<p>Apr\u00e8s ce cours, les participants seront capables de:<\/p>\n<ul>\n<li>Utiliser les ressources du cluster en mode int\u00e9ractif <\/li>\n<li>G\u00e9rer les copies de donn\u00e9es sur le cluster<\/li>\n<li>Utiliser les Modules Environment<\/li>\n<li>Lancer un job simple en mode batch<\/li>\n<\/ul>\n<\/div>\n<div id=\"colonne3\">\n<h3>Support de cours<\/h3>\n<ul>\n<li>Pr\u00e9sentation compl\u00e8te : <a target=\"_blank\" href=\"https:\/\/itrop.ird.fr\/HPC_Slurmfrench.pdf\" rel=\"noopener noreferrer\"> itrop-slurm<\/a><\/li>\n\n<li>Practice : <a target=\"_blank\" href=\"https:\/\/itrop.ird.fr\/wordpress\/index.php\/trainings-2019-hpc-practice-slurm-fr\/\" rel=\"noopener noreferrer\"> itrop-slurm<\/a><\/li>\n<li>HowTos : <a target=\"_blank\" href=\"https:\/\/itrop.ird.fr\/wordpress\/index.php\/slurm\/\" rel=\"noopener noreferrer\"> itrop-slurm<\/a> <\/li>\n<\/ul>\n<\/div>\n<div id=\"nextInline\" class=\"clearfix\">\n<h3>Formateurs<\/h3>\n<ul>\n<li>Ndomassi Tando (NT) &#8211; ndomassi.tando@ird.fr<\/li>\n<li>Alexis Dereeper (AD) &#8211; alexis.dereeper@ird.fr<\/li>\n<li>Bruno Granouillac (BG) &#8211; bruno.granouillac@ird.fr<\/li>\n<li>Christine Tranchant (CT) &#8211; christine.tranchant@ird.fr <\/li>\n<li>Val\u00e9rie Noel (VN) &#8211; valerie.noel@ird.fr <\/li>\n<li>Julie Orjuela (JO) &#8211; julie.orjela@ird.fr <\/li>\n<li>Aurore Comte (AC) &#8211; aurore.comte@ird.fr <\/li>\n<li>Jacques Dainat (JD) &#8211; jacques.dainat@ird.fr<\/li>\n<li>Nicolas Fernandez (NF) &#8211; nicolas.fernandez@ird.fr<\/li>\n<\/ul>\n<\/div>\n<h3>Formations<\/h3>\n<table>\n<thead>\n<tr>\n<th><strong>Date<\/strong><\/th>\n<th><strong>Location<\/strong><\/th>\n<th><strong>Sujet<\/strong><\/th>\n<th><strong>Participants<\/strong><\/th>\n<th><strong>Formateurs<\/strong><\/th>\n<th><strong>Nombre de formations<\/strong><\/th>\n<th><strong>Unit\u00e9 formateurs<\/strong><\/th>\n<\/tr>\n<\/thead>\n<tbody>\n<tr>\n<td>2025<\/td>\n<td>IRD Montpellier, France<\/td>\n<td>HPC Introduction<\/td>\n<td>30<\/td>\n<td>NT,NF<\/td>\n<td>\u00a0 \u00a0 \u00a0 \u00a07<\/td>\n<td>DIADE, TRANSVIHMI<\/td>\n<\/tr>\n<tr>\n<td>2024<\/td>\n<td>IRD Montpellier, France<\/td>\n<td>HPC Introduction<\/td>\n<td>60<\/td>\n<td>NT,JO,JD,BG,NF<\/td>\n<td>\u00a0 \u00a0 \u00a0 \u00a015<\/td>\n<td>DIADE, MIVEGEC, TRANSVIHMI<\/td>\n<\/tr>\n<tr>\n<td>2023<\/td>\n<td>IRD Montpellier, France<\/td>\n<td>HPC Introduction<\/td>\n<td>48<\/td>\n<td>NT,JO,BG,<\/td>\n<td>\u00a0 \u00a0 \u00a0 \u00a014<\/td>\n<td>DIADE, MIVEGEC,TRANSVIHMI<\/td>\n<\/tr>\n<tr>\n<td>2022<\/td>\n<td>IRD Montpellier, France<\/td>\n<td>HPC Introduction<\/td>\n<td>56<\/td>\n<td>NT,JO,AD,AC,BG<\/td>\n<td>\u00a0 \u00a0 \u00a0 \u00a0 17<\/td>\n<td>DIADE, PHIM,MIVEGEC,TRANSVIHMI<\/td>\n<\/tr>\n<tr>\n<td>2021<\/td>\n<td>IRD Montpellier, France<\/td>\n<td>HPC Introduction<\/td>\n<td>45<\/td>\n<td>NT,JO,VN,BG<\/td>\n<td>\u00a0 \u00a0 \u00a0 \u00a0 15<\/td>\n<td>DIADE, MIVEGEC, TRANSVIHMI<\/td>\n<\/tr>\n<tr>\n<td>2020<\/td>\n<td>IRD Montpellier, France<\/td>\n<td>HPC Introduction<\/td>\n<td>99<\/td>\n<td>NT,VN<\/td>\n<td>\u00a0 \u00a0 \u00a0 \u00a0 18<\/td>\n<td>DIADE, MIVEGEC<\/td>\n<\/tr>\n<tr>\n<td><\/td>\n<td><\/td>\n<td><\/td>\n<td><\/td>\n<td><\/td>\n<td><\/td>\n<td><br><\/td>\n<\/tr>\n<\/tbody>\n<\/table>\n<p><br><\/p>\t\t\t\t\t<\/div>\n\t\t\t\t\t\t<\/div>\n\t\t\t\t<\/div>\n\t\t\t\t\t\t<\/div>\n\t\t\t\t\t<\/div>\n\t\t<\/div>\n\t\t\t\t\t\t\t\t<\/div>\n\t\t\t\t\t<\/div>\n\t\t<\/section>\n\t\t\t\t\t\t\t\t\t<\/div>\n\t\t\t<\/div>\n\t\t\t\t\t<\/div>\n\t\t","protected":false},"excerpt":{"rendered":"<p>Initiation \u00e0 l&rsquo;utilisation du cluster i-Trop Ce cours est une introduction \u00e0 l&rsquo;utilisation du cluster i-Trop.Il s&rsquo;adresse aux nouveaux utilisateurs&hellip; <br \/> <a class=\"read-more\" href=\"https:\/\/bioinfo.ird.fr\/index.php\/trainings-fr\/trainings-2019-hpc\/\">Lire la suite<\/a><\/p>\n","protected":false},"author":1,"featured_media":0,"parent":1321,"menu_order":0,"comment_status":"closed","ping_status":"closed","template":"","meta":{"inline_featured_image":false,"footnotes":""},"class_list":["post-877","page","type-page","status-publish","hentry"],"yoast_head":"<!-- This site is optimized with the Yoast SEO plugin v24.2 - https:\/\/yoast.com\/wordpress\/plugins\/seo\/ -->\n<title>Trainings- HPC - itrop<\/title>\n<meta name=\"robots\" content=\"index, follow, max-snippet:-1, max-image-preview:large, max-video-preview:-1\" \/>\n<link rel=\"canonical\" href=\"https:\/\/bioinfo.ird.fr\/index.php\/trainings-fr\/trainings-2019-hpc\/\" \/>\n<meta property=\"og:locale\" content=\"fr_FR\" \/>\n<meta property=\"og:type\" content=\"article\" \/>\n<meta property=\"og:title\" content=\"Trainings- HPC - itrop\" \/>\n<meta property=\"og:description\" content=\"Initiation \u00e0 l&#039;utilisation du cluster i-Trop Ce cours est une introduction \u00e0 l&#039;utilisation du cluster i-Trop.Il s&#039;adresse aux nouveaux utilisateurs&hellip; Lire la suite\" \/>\n<meta property=\"og:url\" content=\"https:\/\/bioinfo.ird.fr\/index.php\/trainings-fr\/trainings-2019-hpc\/\" \/>\n<meta property=\"og:site_name\" content=\"itrop\" \/>\n<meta property=\"article:modified_time\" content=\"2026-03-13T16:38:49+00:00\" \/>\n<meta property=\"og:image\" content=\"https:\/\/southgreenplatform.github.io\/trainings\/\/images\/trainings-hpc.jpeg\" \/>\n<meta name=\"twitter:card\" content=\"summary_large_image\" \/>\n<meta name=\"twitter:site\" content=\"@ItropBioinfo\" \/>\n<meta name=\"twitter:label1\" content=\"Dur\u00e9e de lecture estim\u00e9e\" \/>\n\t<meta name=\"twitter:data1\" content=\"4 minutes\" \/>\n<script type=\"application\/ld+json\" class=\"yoast-schema-graph\">{\"@context\":\"https:\/\/schema.org\",\"@graph\":[{\"@type\":\"WebPage\",\"@id\":\"https:\/\/bioinfo.ird.fr\/index.php\/trainings-fr\/trainings-2019-hpc\/\",\"url\":\"https:\/\/bioinfo.ird.fr\/index.php\/trainings-fr\/trainings-2019-hpc\/\",\"name\":\"Trainings- HPC - itrop\",\"isPartOf\":{\"@id\":\"https:\/\/bioinfo.ird.fr\/#website\"},\"primaryImageOfPage\":{\"@id\":\"https:\/\/bioinfo.ird.fr\/index.php\/trainings-fr\/trainings-2019-hpc\/#primaryimage\"},\"image\":{\"@id\":\"https:\/\/bioinfo.ird.fr\/index.php\/trainings-fr\/trainings-2019-hpc\/#primaryimage\"},\"thumbnailUrl\":\"https:\/\/southgreenplatform.github.io\/trainings\/\/images\/trainings-hpc.jpeg\",\"datePublished\":\"2020-11-06T09:40:14+00:00\",\"dateModified\":\"2026-03-13T16:38:49+00:00\",\"breadcrumb\":{\"@id\":\"https:\/\/bioinfo.ird.fr\/index.php\/trainings-fr\/trainings-2019-hpc\/#breadcrumb\"},\"inLanguage\":\"fr-FR\",\"potentialAction\":[{\"@type\":\"ReadAction\",\"target\":[\"https:\/\/bioinfo.ird.fr\/index.php\/trainings-fr\/trainings-2019-hpc\/\"]}]},{\"@type\":\"ImageObject\",\"inLanguage\":\"fr-FR\",\"@id\":\"https:\/\/bioinfo.ird.fr\/index.php\/trainings-fr\/trainings-2019-hpc\/#primaryimage\",\"url\":\"https:\/\/southgreenplatform.github.io\/trainings\/\/images\/trainings-hpc.jpeg\",\"contentUrl\":\"https:\/\/southgreenplatform.github.io\/trainings\/\/images\/trainings-hpc.jpeg\"},{\"@type\":\"BreadcrumbList\",\"@id\":\"https:\/\/bioinfo.ird.fr\/index.php\/trainings-fr\/trainings-2019-hpc\/#breadcrumb\",\"itemListElement\":[{\"@type\":\"ListItem\",\"position\":1,\"name\":\"Accueil\",\"item\":\"https:\/\/bioinfo.ird.fr\/index.php\/en\/front-page-2\/\"},{\"@type\":\"ListItem\",\"position\":2,\"name\":\"Trainings &#8211; FR\",\"item\":\"https:\/\/bioinfo.ird.fr\/index.php\/trainings-fr\/\"},{\"@type\":\"ListItem\",\"position\":3,\"name\":\"Trainings- HPC\"}]},{\"@type\":\"WebSite\",\"@id\":\"https:\/\/bioinfo.ird.fr\/#website\",\"url\":\"https:\/\/bioinfo.ird.fr\/\",\"name\":\"itrop\",\"description\":\"\",\"publisher\":{\"@id\":\"https:\/\/bioinfo.ird.fr\/#organization\"},\"potentialAction\":[{\"@type\":\"SearchAction\",\"target\":{\"@type\":\"EntryPoint\",\"urlTemplate\":\"https:\/\/bioinfo.ird.fr\/?s={search_term_string}\"},\"query-input\":{\"@type\":\"PropertyValueSpecification\",\"valueRequired\":true,\"valueName\":\"search_term_string\"}}],\"inLanguage\":\"fr-FR\"},{\"@type\":\"Organization\",\"@id\":\"https:\/\/bioinfo.ird.fr\/#organization\",\"name\":\"i-Trop\",\"url\":\"https:\/\/bioinfo.ird.fr\/\",\"logo\":{\"@type\":\"ImageObject\",\"inLanguage\":\"fr-FR\",\"@id\":\"https:\/\/bioinfo.ird.fr\/#\/schema\/logo\/image\/\",\"url\":\"https:\/\/bioinfo.ird.fr\/wp-content\/uploads\/2021\/10\/i-tropTwt5.png\",\"contentUrl\":\"https:\/\/bioinfo.ird.fr\/wp-content\/uploads\/2021\/10\/i-tropTwt5.png\",\"width\":1356,\"height\":1356,\"caption\":\"i-Trop\"},\"image\":{\"@id\":\"https:\/\/bioinfo.ird.fr\/#\/schema\/logo\/image\/\"},\"sameAs\":[\"https:\/\/x.com\/ItropBioinfo\"]}]}<\/script>\n<!-- \/ Yoast SEO plugin. -->","yoast_head_json":{"title":"Trainings- HPC - itrop","robots":{"index":"index","follow":"follow","max-snippet":"max-snippet:-1","max-image-preview":"max-image-preview:large","max-video-preview":"max-video-preview:-1"},"canonical":"https:\/\/bioinfo.ird.fr\/index.php\/trainings-fr\/trainings-2019-hpc\/","og_locale":"fr_FR","og_type":"article","og_title":"Trainings- HPC - itrop","og_description":"Initiation \u00e0 l'utilisation du cluster i-Trop Ce cours est une introduction \u00e0 l'utilisation du cluster i-Trop.Il s'adresse aux nouveaux utilisateurs&hellip; Lire la suite","og_url":"https:\/\/bioinfo.ird.fr\/index.php\/trainings-fr\/trainings-2019-hpc\/","og_site_name":"itrop","article_modified_time":"2026-03-13T16:38:49+00:00","og_image":[{"url":"https:\/\/southgreenplatform.github.io\/trainings\/\/images\/trainings-hpc.jpeg","type":"","width":"","height":""}],"twitter_card":"summary_large_image","twitter_site":"@ItropBioinfo","twitter_misc":{"Dur\u00e9e de lecture estim\u00e9e":"4 minutes"},"schema":{"@context":"https:\/\/schema.org","@graph":[{"@type":"WebPage","@id":"https:\/\/bioinfo.ird.fr\/index.php\/trainings-fr\/trainings-2019-hpc\/","url":"https:\/\/bioinfo.ird.fr\/index.php\/trainings-fr\/trainings-2019-hpc\/","name":"Trainings- HPC - itrop","isPartOf":{"@id":"https:\/\/bioinfo.ird.fr\/#website"},"primaryImageOfPage":{"@id":"https:\/\/bioinfo.ird.fr\/index.php\/trainings-fr\/trainings-2019-hpc\/#primaryimage"},"image":{"@id":"https:\/\/bioinfo.ird.fr\/index.php\/trainings-fr\/trainings-2019-hpc\/#primaryimage"},"thumbnailUrl":"https:\/\/southgreenplatform.github.io\/trainings\/\/images\/trainings-hpc.jpeg","datePublished":"2020-11-06T09:40:14+00:00","dateModified":"2026-03-13T16:38:49+00:00","breadcrumb":{"@id":"https:\/\/bioinfo.ird.fr\/index.php\/trainings-fr\/trainings-2019-hpc\/#breadcrumb"},"inLanguage":"fr-FR","potentialAction":[{"@type":"ReadAction","target":["https:\/\/bioinfo.ird.fr\/index.php\/trainings-fr\/trainings-2019-hpc\/"]}]},{"@type":"ImageObject","inLanguage":"fr-FR","@id":"https:\/\/bioinfo.ird.fr\/index.php\/trainings-fr\/trainings-2019-hpc\/#primaryimage","url":"https:\/\/southgreenplatform.github.io\/trainings\/\/images\/trainings-hpc.jpeg","contentUrl":"https:\/\/southgreenplatform.github.io\/trainings\/\/images\/trainings-hpc.jpeg"},{"@type":"BreadcrumbList","@id":"https:\/\/bioinfo.ird.fr\/index.php\/trainings-fr\/trainings-2019-hpc\/#breadcrumb","itemListElement":[{"@type":"ListItem","position":1,"name":"Accueil","item":"https:\/\/bioinfo.ird.fr\/index.php\/en\/front-page-2\/"},{"@type":"ListItem","position":2,"name":"Trainings &#8211; FR","item":"https:\/\/bioinfo.ird.fr\/index.php\/trainings-fr\/"},{"@type":"ListItem","position":3,"name":"Trainings- HPC"}]},{"@type":"WebSite","@id":"https:\/\/bioinfo.ird.fr\/#website","url":"https:\/\/bioinfo.ird.fr\/","name":"itrop","description":"","publisher":{"@id":"https:\/\/bioinfo.ird.fr\/#organization"},"potentialAction":[{"@type":"SearchAction","target":{"@type":"EntryPoint","urlTemplate":"https:\/\/bioinfo.ird.fr\/?s={search_term_string}"},"query-input":{"@type":"PropertyValueSpecification","valueRequired":true,"valueName":"search_term_string"}}],"inLanguage":"fr-FR"},{"@type":"Organization","@id":"https:\/\/bioinfo.ird.fr\/#organization","name":"i-Trop","url":"https:\/\/bioinfo.ird.fr\/","logo":{"@type":"ImageObject","inLanguage":"fr-FR","@id":"https:\/\/bioinfo.ird.fr\/#\/schema\/logo\/image\/","url":"https:\/\/bioinfo.ird.fr\/wp-content\/uploads\/2021\/10\/i-tropTwt5.png","contentUrl":"https:\/\/bioinfo.ird.fr\/wp-content\/uploads\/2021\/10\/i-tropTwt5.png","width":1356,"height":1356,"caption":"i-Trop"},"image":{"@id":"https:\/\/bioinfo.ird.fr\/#\/schema\/logo\/image\/"},"sameAs":["https:\/\/x.com\/ItropBioinfo"]}]}},"_links":{"self":[{"href":"https:\/\/bioinfo.ird.fr\/index.php\/wp-json\/wp\/v2\/pages\/877","targetHints":{"allow":["GET"]}}],"collection":[{"href":"https:\/\/bioinfo.ird.fr\/index.php\/wp-json\/wp\/v2\/pages"}],"about":[{"href":"https:\/\/bioinfo.ird.fr\/index.php\/wp-json\/wp\/v2\/types\/page"}],"author":[{"embeddable":true,"href":"https:\/\/bioinfo.ird.fr\/index.php\/wp-json\/wp\/v2\/users\/1"}],"replies":[{"embeddable":true,"href":"https:\/\/bioinfo.ird.fr\/index.php\/wp-json\/wp\/v2\/comments?post=877"}],"version-history":[{"count":23,"href":"https:\/\/bioinfo.ird.fr\/index.php\/wp-json\/wp\/v2\/pages\/877\/revisions"}],"predecessor-version":[{"id":4852,"href":"https:\/\/bioinfo.ird.fr\/index.php\/wp-json\/wp\/v2\/pages\/877\/revisions\/4852"}],"up":[{"embeddable":true,"href":"https:\/\/bioinfo.ird.fr\/index.php\/wp-json\/wp\/v2\/pages\/1321"}],"wp:attachment":[{"href":"https:\/\/bioinfo.ird.fr\/index.php\/wp-json\/wp\/v2\/media?parent=877"}],"curies":[{"name":"wp","href":"https:\/\/api.w.org\/{rel}","templated":true}]}}