{"id":855,"date":"2020-11-06T10:14:52","date_gmt":"2020-11-06T09:14:52","guid":{"rendered":"https:\/\/itrop.ird.fr\/wordpress\/?page_id=855"},"modified":"2022-04-06T14:50:27","modified_gmt":"2022-04-06T12:50:27","slug":"trainings-2019-hpc-ouaga","status":"publish","type":"page","link":"https:\/\/bioinfo.ird.fr\/index.php\/trainings-fr\/trainings-2019-hpc\/trainings-2019-hpc-ouaga\/","title":{"rendered":"Trainings 2019 &#8211; HPC Ouaga"},"content":{"rendered":"<table class=\"table-contact\">\n<tr>\n<td><a class=\"logo\" href=\"http:\/\/www.univ-ouaga.bf\"><img decoding=\"async\" class=\"img-logo\"  src=\"https:\/\/southgreenplatform.github.io\/trainings\/\/images\/logo\/logo_uzjk.jpeg\" alt=\"\" \/><\/a><\/td>\n<td><a class=\"logo\" href=\"http:\/\/www.pathobios.fr\"><img decoding=\"async\" class=\"img-logo\" src=\"https:\/\/southgreenplatform.github.io\/trainings\/\/images\/logo\/logo_pathobios.png\" alt=\"\" \/><\/a><\/td>\n<td><a class=\"logo\" href=\"http:\/\/www.inera.bf\"><img decoding=\"async\" class=\"img-logo\" src=\"https:\/\/southgreenplatform.github.io\/trainings\/\/images\/logo\/logo_inera.jpeg\" alt=\"\" \/><\/a><\/td>\n<td><a class=\"logo\" href=\"http:\/\/bioinfo.ird.fr\"><img decoding=\"async\" width=\"20% class=\"img-logo\"   src=\"https:\/\/southgreenplatform.github.io\/trainings\/\/images\/logo\/i-trop-longtransparent.png\" alt=\"\" \/><\/a><\/td>\n<\/tr>\n<\/table>\n<table class=\"table-contact\">\n<tr>\n<td><img decoding=\"async\" width=\"250%\" src=\"https:\/\/southgreenplatform.github.io\/trainings\/\/images\/trainings-hpc.jpeg\" alt=\"\" \/>\n<\/td>\n<td>\n<h1> Formation \u00e0 l'utilisation d'un cluster de calcul<\/h1>\n<p>\nCe cours permet de s'initier \u00e0 l'utilisation du cluster de calcul de l'Universit\u00e9 Joseph Kizerbo de Ouagadougou.<br \/>\nLe but \u00e9tant d'acqu\u00e9rir les bonnes pratiques d'utilisation ainsi que de l'autonomie dans le lancement d'analyses.<br \/>\nLes notions de Module Environnment, utilisation int\u00e9ractive et soumissions de jobs seront d\u00e9velopp\u00e9es.\n<\/td>\n<\/tr>\n<\/table>\n<h3>Prerequisites<\/h3>\n<p>Conna\u00eetre les commandes de base sous Linux<\/p>\n<div id=\"colonne1\">\n<h3>Programme<\/h3>\n<ul>\n<li> Introduction aux architecture cluster <\/li>\n<li> D\u00e9couvrir l'ordonnanceur Slurm<\/li>\n<li> Transfert de donn\u00e9es sur le cluster<\/li>\n<li> Utilisation en mode Interactif <\/li>\n<li> Utilisation en mode batch<\/li>\n<\/ul>\n<\/div>\n<div id=\"colonne2\">\n<h3>Objectifs<\/h3>\n<p>Apr\u00e8s ce cours les participants seront capables de:<\/p>\n<ul>\n<li>Utiliser les ressources de calcul de mani\u00e8re int\u00e9ractive <\/li>\n<li>Transf\u00e8rer des donn\u00e9es sur et \u00e0 l'int\u00e9rieur du cluster<\/li>\n<li>Utiliser les modules Environment<\/li>\n<li>Soumettre des jobs en mode batch sous Slurm<\/li>\n<\/ul>\n<\/div>\n<div id=\"colonne3\">\n<h3>Support de cours<\/h3>\n<ul>\n<li>Cours : <a target=\"_blank\" href=\"https:\/\/southgreenplatform.github.io\/trainings\/\/files\/hpc\/HPC_ouaga_oct2019.pdf\" rel=\"noopener noreferrer\">ici<\/a><\/li>\n<li>Exercices : <a target=\"_blank\" href=\"https:\/\/itrop.ird.fr\/wordpress\/index.php\/trainings-2019-hpc-ouaga-practice\/\" rel=\"noopener noreferrer\">ici<\/a> <\/li>\n<li>Commandes de base Slurm : <a target=\"_blank\" href=\"https:\/\/itrop.ird.fr\/wordpress\/index.php\/slurm\/\" rel=\"noopener noreferrer\">ici<\/a> <\/li>\n<\/ul>\n<\/div>\n<div id=\"nextInline\" class=\"clearfix\">\n<h3>Instructors<\/h3>\n<ul>\n<li>Ndomassi Tando (NT) - ndomassi.tando@ird.fr<\/li>\n<li>Paul Kouadio (PK)- paul.kouadio@ird.fr <\/li>\n<li>Cheikhou Dram\u00e9 (CD) - dramecheikhou@hotmail.com <\/li>\n<\/ul>\n<\/div>\n<h3>Trainings<\/h3>\n<table>\n<thead>\n<tr>\n<th><strong>Date<\/strong><\/th>\n<th><strong>Lieu<\/strong><\/th>\n<th><strong>Sujet<\/strong><\/th>\n<th><strong>Participants<\/strong><\/th>\n<th><strong>Formateurs<\/strong><\/th>\n<th><strong>Liens<\/strong><\/th>\n<th><strong>Unit\u00e9s<\/strong><\/th>\n<\/tr>\n<\/thead>\n<tbody>\n<tr>\n<td>2019<\/td>\n<td>J. Kizerbo, Ouagadougou, Burkina<\/td>\n<td>HPC Introduction<\/td>\n<td>16<\/td>\n<td>NT,PK,CD<\/td>\n<td><\/td>\n<td>UMR DIADE,DDUNI,CERAAS<\/td>\n<\/tr>\n<\/tbody>\n<\/table>\n","protected":false},"excerpt":{"rendered":"","protected":false},"author":1,"featured_media":0,"parent":877,"menu_order":0,"comment_status":"closed","ping_status":"closed","template":"","meta":{"inline_featured_image":false,"footnotes":""},"class_list":["post-855","page","type-page","status-publish","hentry"],"yoast_head":"<!-- This site is optimized with the Yoast SEO plugin v24.2 - https:\/\/yoast.com\/wordpress\/plugins\/seo\/ -->\n<title>Trainings 2019 - HPC Ouaga - itrop<\/title>\n<meta name=\"robots\" content=\"index, follow, max-snippet:-1, max-image-preview:large, max-video-preview:-1\" \/>\n<link rel=\"canonical\" href=\"https:\/\/bioinfo.ird.fr\/index.php\/trainings-fr\/trainings-2019-hpc\/trainings-2019-hpc-ouaga\/\" \/>\n<meta property=\"og:locale\" content=\"fr_FR\" \/>\n<meta property=\"og:type\" content=\"article\" \/>\n<meta property=\"og:title\" content=\"Trainings 2019 - HPC Ouaga - itrop\" \/>\n<meta property=\"og:url\" content=\"https:\/\/bioinfo.ird.fr\/index.php\/trainings-fr\/trainings-2019-hpc\/trainings-2019-hpc-ouaga\/\" \/>\n<meta property=\"og:site_name\" content=\"itrop\" \/>\n<meta property=\"article:modified_time\" content=\"2022-04-06T12:50:27+00:00\" \/>\n<meta property=\"og:image\" content=\"https:\/\/southgreenplatform.github.io\/trainings\/\/images\/logo\/logo_uzjk.jpeg\" \/>\n<meta name=\"twitter:card\" content=\"summary_large_image\" \/>\n<meta name=\"twitter:site\" content=\"@ItropBioinfo\" \/>\n<script type=\"application\/ld+json\" class=\"yoast-schema-graph\">{\"@context\":\"https:\/\/schema.org\",\"@graph\":[{\"@type\":\"WebPage\",\"@id\":\"https:\/\/bioinfo.ird.fr\/index.php\/trainings-fr\/trainings-2019-hpc\/trainings-2019-hpc-ouaga\/\",\"url\":\"https:\/\/bioinfo.ird.fr\/index.php\/trainings-fr\/trainings-2019-hpc\/trainings-2019-hpc-ouaga\/\",\"name\":\"Trainings 2019 - HPC Ouaga - itrop\",\"isPartOf\":{\"@id\":\"https:\/\/bioinfo.ird.fr\/#website\"},\"primaryImageOfPage\":{\"@id\":\"https:\/\/bioinfo.ird.fr\/index.php\/trainings-fr\/trainings-2019-hpc\/trainings-2019-hpc-ouaga\/#primaryimage\"},\"image\":{\"@id\":\"https:\/\/bioinfo.ird.fr\/index.php\/trainings-fr\/trainings-2019-hpc\/trainings-2019-hpc-ouaga\/#primaryimage\"},\"thumbnailUrl\":\"https:\/\/southgreenplatform.github.io\/trainings\/\/images\/logo\/logo_uzjk.jpeg\",\"datePublished\":\"2020-11-06T09:14:52+00:00\",\"dateModified\":\"2022-04-06T12:50:27+00:00\",\"breadcrumb\":{\"@id\":\"https:\/\/bioinfo.ird.fr\/index.php\/trainings-fr\/trainings-2019-hpc\/trainings-2019-hpc-ouaga\/#breadcrumb\"},\"inLanguage\":\"fr-FR\",\"potentialAction\":[{\"@type\":\"ReadAction\",\"target\":[\"https:\/\/bioinfo.ird.fr\/index.php\/trainings-fr\/trainings-2019-hpc\/trainings-2019-hpc-ouaga\/\"]}]},{\"@type\":\"ImageObject\",\"inLanguage\":\"fr-FR\",\"@id\":\"https:\/\/bioinfo.ird.fr\/index.php\/trainings-fr\/trainings-2019-hpc\/trainings-2019-hpc-ouaga\/#primaryimage\",\"url\":\"https:\/\/southgreenplatform.github.io\/trainings\/\/images\/logo\/logo_uzjk.jpeg\",\"contentUrl\":\"https:\/\/southgreenplatform.github.io\/trainings\/\/images\/logo\/logo_uzjk.jpeg\"},{\"@type\":\"BreadcrumbList\",\"@id\":\"https:\/\/bioinfo.ird.fr\/index.php\/trainings-fr\/trainings-2019-hpc\/trainings-2019-hpc-ouaga\/#breadcrumb\",\"itemListElement\":[{\"@type\":\"ListItem\",\"position\":1,\"name\":\"Accueil\",\"item\":\"https:\/\/bioinfo.ird.fr\/index.php\/en\/front-page-2\/\"},{\"@type\":\"ListItem\",\"position\":2,\"name\":\"Trainings &#8211; FR\",\"item\":\"https:\/\/bioinfo.ird.fr\/index.php\/trainings-fr\/\"},{\"@type\":\"ListItem\",\"position\":3,\"name\":\"Trainings- HPC\",\"item\":\"https:\/\/bioinfo.ird.fr\/index.php\/trainings-fr\/trainings-2019-hpc\/\"},{\"@type\":\"ListItem\",\"position\":4,\"name\":\"Trainings 2019 &#8211; HPC Ouaga\"}]},{\"@type\":\"WebSite\",\"@id\":\"https:\/\/bioinfo.ird.fr\/#website\",\"url\":\"https:\/\/bioinfo.ird.fr\/\",\"name\":\"itrop\",\"description\":\"\",\"publisher\":{\"@id\":\"https:\/\/bioinfo.ird.fr\/#organization\"},\"potentialAction\":[{\"@type\":\"SearchAction\",\"target\":{\"@type\":\"EntryPoint\",\"urlTemplate\":\"https:\/\/bioinfo.ird.fr\/?s={search_term_string}\"},\"query-input\":{\"@type\":\"PropertyValueSpecification\",\"valueRequired\":true,\"valueName\":\"search_term_string\"}}],\"inLanguage\":\"fr-FR\"},{\"@type\":\"Organization\",\"@id\":\"https:\/\/bioinfo.ird.fr\/#organization\",\"name\":\"i-Trop\",\"url\":\"https:\/\/bioinfo.ird.fr\/\",\"logo\":{\"@type\":\"ImageObject\",\"inLanguage\":\"fr-FR\",\"@id\":\"https:\/\/bioinfo.ird.fr\/#\/schema\/logo\/image\/\",\"url\":\"https:\/\/bioinfo.ird.fr\/wp-content\/uploads\/2021\/10\/i-tropTwt5.png\",\"contentUrl\":\"https:\/\/bioinfo.ird.fr\/wp-content\/uploads\/2021\/10\/i-tropTwt5.png\",\"width\":1356,\"height\":1356,\"caption\":\"i-Trop\"},\"image\":{\"@id\":\"https:\/\/bioinfo.ird.fr\/#\/schema\/logo\/image\/\"},\"sameAs\":[\"https:\/\/x.com\/ItropBioinfo\"]}]}<\/script>\n<!-- \/ Yoast SEO plugin. -->","yoast_head_json":{"title":"Trainings 2019 - HPC Ouaga - itrop","robots":{"index":"index","follow":"follow","max-snippet":"max-snippet:-1","max-image-preview":"max-image-preview:large","max-video-preview":"max-video-preview:-1"},"canonical":"https:\/\/bioinfo.ird.fr\/index.php\/trainings-fr\/trainings-2019-hpc\/trainings-2019-hpc-ouaga\/","og_locale":"fr_FR","og_type":"article","og_title":"Trainings 2019 - HPC Ouaga - itrop","og_url":"https:\/\/bioinfo.ird.fr\/index.php\/trainings-fr\/trainings-2019-hpc\/trainings-2019-hpc-ouaga\/","og_site_name":"itrop","article_modified_time":"2022-04-06T12:50:27+00:00","og_image":[{"url":"https:\/\/southgreenplatform.github.io\/trainings\/\/images\/logo\/logo_uzjk.jpeg","type":"","width":"","height":""}],"twitter_card":"summary_large_image","twitter_site":"@ItropBioinfo","schema":{"@context":"https:\/\/schema.org","@graph":[{"@type":"WebPage","@id":"https:\/\/bioinfo.ird.fr\/index.php\/trainings-fr\/trainings-2019-hpc\/trainings-2019-hpc-ouaga\/","url":"https:\/\/bioinfo.ird.fr\/index.php\/trainings-fr\/trainings-2019-hpc\/trainings-2019-hpc-ouaga\/","name":"Trainings 2019 - HPC Ouaga - itrop","isPartOf":{"@id":"https:\/\/bioinfo.ird.fr\/#website"},"primaryImageOfPage":{"@id":"https:\/\/bioinfo.ird.fr\/index.php\/trainings-fr\/trainings-2019-hpc\/trainings-2019-hpc-ouaga\/#primaryimage"},"image":{"@id":"https:\/\/bioinfo.ird.fr\/index.php\/trainings-fr\/trainings-2019-hpc\/trainings-2019-hpc-ouaga\/#primaryimage"},"thumbnailUrl":"https:\/\/southgreenplatform.github.io\/trainings\/\/images\/logo\/logo_uzjk.jpeg","datePublished":"2020-11-06T09:14:52+00:00","dateModified":"2022-04-06T12:50:27+00:00","breadcrumb":{"@id":"https:\/\/bioinfo.ird.fr\/index.php\/trainings-fr\/trainings-2019-hpc\/trainings-2019-hpc-ouaga\/#breadcrumb"},"inLanguage":"fr-FR","potentialAction":[{"@type":"ReadAction","target":["https:\/\/bioinfo.ird.fr\/index.php\/trainings-fr\/trainings-2019-hpc\/trainings-2019-hpc-ouaga\/"]}]},{"@type":"ImageObject","inLanguage":"fr-FR","@id":"https:\/\/bioinfo.ird.fr\/index.php\/trainings-fr\/trainings-2019-hpc\/trainings-2019-hpc-ouaga\/#primaryimage","url":"https:\/\/southgreenplatform.github.io\/trainings\/\/images\/logo\/logo_uzjk.jpeg","contentUrl":"https:\/\/southgreenplatform.github.io\/trainings\/\/images\/logo\/logo_uzjk.jpeg"},{"@type":"BreadcrumbList","@id":"https:\/\/bioinfo.ird.fr\/index.php\/trainings-fr\/trainings-2019-hpc\/trainings-2019-hpc-ouaga\/#breadcrumb","itemListElement":[{"@type":"ListItem","position":1,"name":"Accueil","item":"https:\/\/bioinfo.ird.fr\/index.php\/en\/front-page-2\/"},{"@type":"ListItem","position":2,"name":"Trainings &#8211; FR","item":"https:\/\/bioinfo.ird.fr\/index.php\/trainings-fr\/"},{"@type":"ListItem","position":3,"name":"Trainings- HPC","item":"https:\/\/bioinfo.ird.fr\/index.php\/trainings-fr\/trainings-2019-hpc\/"},{"@type":"ListItem","position":4,"name":"Trainings 2019 &#8211; HPC Ouaga"}]},{"@type":"WebSite","@id":"https:\/\/bioinfo.ird.fr\/#website","url":"https:\/\/bioinfo.ird.fr\/","name":"itrop","description":"","publisher":{"@id":"https:\/\/bioinfo.ird.fr\/#organization"},"potentialAction":[{"@type":"SearchAction","target":{"@type":"EntryPoint","urlTemplate":"https:\/\/bioinfo.ird.fr\/?s={search_term_string}"},"query-input":{"@type":"PropertyValueSpecification","valueRequired":true,"valueName":"search_term_string"}}],"inLanguage":"fr-FR"},{"@type":"Organization","@id":"https:\/\/bioinfo.ird.fr\/#organization","name":"i-Trop","url":"https:\/\/bioinfo.ird.fr\/","logo":{"@type":"ImageObject","inLanguage":"fr-FR","@id":"https:\/\/bioinfo.ird.fr\/#\/schema\/logo\/image\/","url":"https:\/\/bioinfo.ird.fr\/wp-content\/uploads\/2021\/10\/i-tropTwt5.png","contentUrl":"https:\/\/bioinfo.ird.fr\/wp-content\/uploads\/2021\/10\/i-tropTwt5.png","width":1356,"height":1356,"caption":"i-Trop"},"image":{"@id":"https:\/\/bioinfo.ird.fr\/#\/schema\/logo\/image\/"},"sameAs":["https:\/\/x.com\/ItropBioinfo"]}]}},"_links":{"self":[{"href":"https:\/\/bioinfo.ird.fr\/index.php\/wp-json\/wp\/v2\/pages\/855","targetHints":{"allow":["GET"]}}],"collection":[{"href":"https:\/\/bioinfo.ird.fr\/index.php\/wp-json\/wp\/v2\/pages"}],"about":[{"href":"https:\/\/bioinfo.ird.fr\/index.php\/wp-json\/wp\/v2\/types\/page"}],"author":[{"embeddable":true,"href":"https:\/\/bioinfo.ird.fr\/index.php\/wp-json\/wp\/v2\/users\/1"}],"replies":[{"embeddable":true,"href":"https:\/\/bioinfo.ird.fr\/index.php\/wp-json\/wp\/v2\/comments?post=855"}],"version-history":[{"count":2,"href":"https:\/\/bioinfo.ird.fr\/index.php\/wp-json\/wp\/v2\/pages\/855\/revisions"}],"predecessor-version":[{"id":860,"href":"https:\/\/bioinfo.ird.fr\/index.php\/wp-json\/wp\/v2\/pages\/855\/revisions\/860"}],"up":[{"embeddable":true,"href":"https:\/\/bioinfo.ird.fr\/index.php\/wp-json\/wp\/v2\/pages\/877"}],"wp:attachment":[{"href":"https:\/\/bioinfo.ird.fr\/index.php\/wp-json\/wp\/v2\/media?parent=855"}],"curies":[{"name":"wp","href":"https:\/\/api.w.org\/{rel}","templated":true}]}}