{"id":4532,"date":"2025-03-07T18:28:20","date_gmt":"2025-03-07T17:28:20","guid":{"rendered":"https:\/\/bioinfo.ird.fr\/?page_id=4532"},"modified":"2025-10-01T09:30:47","modified_gmt":"2025-10-01T07:30:47","slug":"how-to-utiliser-le-scratch-mutualise","status":"publish","type":"page","link":"https:\/\/bioinfo.ird.fr\/index.php\/how-to-utiliser-le-scratch-mutualise\/","title":{"rendered":"How to utiliser le scratch mutualise: scratch-ib"},"content":{"rendered":"<h2>How to - Utiliser le scratch mutualis\u00e9 \/scratch-ib<\/h2>\n<table>\n<thead>\n<tr>\n<th style=\"text-align: left;\">Description<\/th>\n<th style=\"text-align: left;\">Utiliser \/scratch-ib<\/th>\n<\/tr>\n<\/thead>\n<tbody>\n<tr>\n<td style=\"text-align: left;\">Auteur<\/td>\n<td style=\"text-align: left;\">ndomassi TANDO (ndomassi.tando@ird.fr)<\/td>\n<\/tr>\n<tr>\n<td style=\"text-align: left;\">Creation Date<\/td>\n<td style=\"text-align: left;\">21\/01\/2025<\/td>\n<\/tr>\n<tr>\n<td style=\"text-align: left;\">Date de modification<\/td>\n<td style=\"text-align: left;\">01\/10\/2025<\/td>\n<\/tr>\n<\/tbody>\n<\/table>\n<h3>Role de la partition \/scratch-ib<\/h3>\n<p>La partition \/scratch-ib est une partition scratch mutualis\u00e9e h\u00e9berg\u00e9e sur bioinfo-san.ird.fr destin\u00e9e \u00e0 accueillir des donn\u00e9es \u00e0 analyser de mani\u00e8re temporarire<\/p>\n<p>Elle est partag\u00e9e  entre tous les noeuds de calcul ayant la feature infiniband (acc\u00e8s \u00e0 un r\u00e9seau haut-d\u00e9bit)<\/p>\n<p>Les utilisateurs peuvent positionner leur donn\u00e9es directement dans \/scratch-ib sur bioinfo-san.ird.fr  puis utiliser un ou plusieurs noeuds de calcul ayant la feature infiniband. pour les traiter directement dans \/scratch-ib <\/p>\n<p>Les calculs peuvent \u00eatre lanc\u00e9s en parall\u00e8le sur plusieurs noeuds \u00e0 la fois sur les m\u00eames donn\u00e9es. <\/p>\n<h3>Caract\u00e9ristiques de la partition \/scratch-ib<\/h3>\n<p>- La partition \/scratch-ib est accessible depuis internet sur le serveur bioinfo-san.ird.fr<\/p>\n<p>\n -  Elle a une taille de 128To\n <\/p>\n<p>- Les donn\u00e9es de cette partition ne sont accessibles que pour les noeuds avec la  feature infiniband. <\/p>\n<h3>Utiliser la partition \/scratch-ib<\/h3>\n<p><img decoding=\"async\" src=\"https:\/\/bioinfo.ird.fr\/wp-content\/uploads\/2025\/03\/scratch-ib.png\" alt=\"\" \/><\/p>\n<h4>1) Placer vos donn\u00e9es dans \/scratch-ib en vous connectant sur bioinfo-san.ird.fr<\/h4>\n<p>Voir le processus de transfert ici: <a href=\"https:\/\/bioinfo.ird.fr\/index.php\/tutorials-fr\/howtos-for-hpc-cluster-itrop\/#howto-1\">https:\/\/bioinfo.ird.fr\/index.php\/tutorials-fr\/howtos-for-hpc-cluster-itrop\/#howto-1<\/a><\/p>\n<h4>2) Choisir un noeud infiniband<\/h4>\n<p>Seuls les noeuds dans la liste ci-dessous sont en infiniband:<\/p>\n<table>\n<thead>\n<tr>\n<th>node<\/th>\n<th>partitions<\/th>\n<th>CPU<\/th>\n<th>RAM total (Gb)<\/th>\n<th>RAM by CPU (Gb\/cpu)<\/th>\n<th>scratch size (To)<\/th>\n<\/tr>\n<\/thead>\n<tbody>\n<tr>\n<td>node0<\/td>\n<td>normal<\/td>\n<td>24<\/td>\n<td>144<\/td>\n<td>6<\/td>\n<td>13<\/td>\n<\/tr>\n<tr>\n<td>node1<\/td>\n<td>normal<\/td>\n<td>24<\/td>\n<td>144<\/td>\n<td>6<\/td>\n<td>2<\/td>\n<\/tr>\n<tr>\n<td>node2<\/td>\n<td>supermem<\/td>\n<td>256<\/td>\n<td>2063<\/td>\n<td>7<\/td>\n<td>13<\/td>\n<\/tr>\n<tr>\n<td>node4<\/td>\n<td>normal<\/td>\n<td>72<\/td>\n<td>257<\/td>\n<td>4<\/td>\n<td>13<\/td>\n<\/tr>\n<tr>\n<td>node5<\/td>\n<td>normal<\/td>\n<td>88<\/td>\n<td>516<\/td>\n<td>6<\/td>\n<td>13<\/td>\n<\/tr>\n<tr>\n<td>node7<\/td>\n<td>normal<\/td>\n<td>24<\/td>\n<td>145<\/td>\n<td>6<\/td>\n<td>3<\/td>\n<\/tr>\n<tr>\n<td>node8<\/td>\n<td>long<\/td>\n<td>24<\/td>\n<td>48<\/td>\n<td>2<\/td>\n<td>13<\/td>\n<\/tr>\n<tr>\n<td>node9<\/td>\n<td>normal<\/td>\n<td>64<\/td>\n<td>144<\/td>\n<td>2<\/td>\n<td>13<\/td>\n<\/tr>\n<tr>\n<td>node11<\/td>\n<td>runner<\/td>\n<td>24<\/td>\n<td>48<\/td>\n<td>2<\/td>\n<td>3<\/td>\n<\/tr>\n<tr>\n<td>node17<\/td>\n<td>normal<\/td>\n<td>48<\/td>\n<td>144<\/td>\n<td>3<\/td>\n<td>13<\/td>\n<\/tr>\n<tr>\n<td>node20<\/td>\n<td>normal<\/td>\n<td>20<\/td>\n<td>64<\/td>\n<td>3<\/td>\n<td>13<\/td>\n<\/tr>\n<tr>\n<td>node21<\/td>\n<td>normal<\/td>\n<td>24<\/td>\n<td>144<\/td>\n<td>6<\/td>\n<td>13<\/td>\n<\/tr>\n<tr>\n<td>node24<\/td>\n<td>normal<\/td>\n<td>20<\/td>\n<td>64<\/td>\n<td>3<\/td>\n<td>13<\/td>\n<\/tr>\n<tr>\n<td>node25<\/td>\n<td>highmem<\/td>\n<td>40<\/td>\n<td>1\u202f032<\/td>\n<td>26<\/td>\n<td>14<\/td>\n<\/tr>\n<tr>\n<td>node26<\/td>\n<td>gpu<\/td>\n<td>24<\/td>\n<td>192<\/td>\n<td>8<\/td>\n<td>14<\/td>\n<\/tr>\n<tr>\n<td>node27<\/td>\n<td>normal<\/td>\n<td>24<\/td>\n<td>144<\/td>\n<td>6<\/td>\n<td>14<\/td>\n<\/tr>\n<\/tbody>\n<\/table>\n<p>Pour pouvoir choisir  un noeud infiniband, il faut rajouter \u00e0 Slurm l'option<\/p>\n<p><code>--constraint=infiniband<\/code><\/p>\n<p>Par exemple, pour se connecter en mode int\u00e9ractif \u00e0 un noeud infiniband de la partition short on \u00e9crira:<\/p>\n<p><code>srun -p short --constraint=infiniband --pty bash -i<\/code><\/p>\n<p>Dans un script \u00e0 lancer avec sbatch, on rajoutera les options suivantes en d\u00e9but de script:<\/p>\n<pre><code>#SBATCH -p short\n#SBATCH --constraint=infiniband<\/code><\/pre>\n<h4>3) Lancer votre analyse directement  dans le r\u00e9pertoire \/scratch-ib<\/h4>\n<pre><code>cd \/scratch-ib\n<\/code><\/pre>\n<p><strong>Penser \u00e0 modifier  son script avec \/scratch-ib \u00e0 la place de \/scratch<\/strong><\/p>\n<p>Si les donn\u00e9es sont dans le r\u00e9pertoire \/projects, on va pouvoir int\u00e9grer le transfert dans le script  en rempla\u00e7ant san  par san-ib (comme infiniband)   et \/scratch par \/scratch-ib  <\/p>\n<p><code>scp -r san-ib:path_to_files\/file \/scratch-ib\/folder<\/code><\/p>\n<p>Plus d'informations sur l'utilisation de l'infiniband ici:<\/p>\n<p><a href=\"https:\/\/bioinfo.ird.fr\/index.php\/tutoriaux-how-to-utiliser-le-reseau-infiniband-pour-le-transfert-de-donnees\/\" title=\"Transfert en infiniband\">Transfert en infiniband<\/a><\/p>\n","protected":false},"excerpt":{"rendered":"<p>How to &#8211; Utiliser le scratch mutualis\u00e9 \/scratch-ib Description Utiliser \/scratch-ib Auteur ndomassi TANDO (ndomassi.tando@ird.fr) Creation Date 21\/01\/2025 Date de&hellip; <br \/> <a class=\"read-more\" href=\"https:\/\/bioinfo.ird.fr\/index.php\/how-to-utiliser-le-scratch-mutualise\/\">Lire la suite<\/a><\/p>\n","protected":false},"author":5,"featured_media":0,"parent":0,"menu_order":0,"comment_status":"closed","ping_status":"closed","template":"","meta":{"inline_featured_image":false,"footnotes":""},"class_list":["post-4532","page","type-page","status-publish","hentry"],"yoast_head":"<!-- This site is optimized with the Yoast SEO plugin v24.2 - https:\/\/yoast.com\/wordpress\/plugins\/seo\/ -->\n<title>How to utiliser le scratch mutualise: scratch-ib - itrop<\/title>\n<meta name=\"robots\" content=\"index, follow, max-snippet:-1, max-image-preview:large, max-video-preview:-1\" \/>\n<link rel=\"canonical\" href=\"https:\/\/bioinfo.ird.fr\/index.php\/how-to-utiliser-le-scratch-mutualise\/\" \/>\n<meta property=\"og:locale\" content=\"fr_FR\" \/>\n<meta property=\"og:type\" content=\"article\" \/>\n<meta property=\"og:title\" content=\"How to utiliser le scratch mutualise: scratch-ib - itrop\" \/>\n<meta property=\"og:description\" content=\"How to - Utiliser le scratch mutualis\u00e9 \/scratch-ib Description Utiliser \/scratch-ib Auteur ndomassi TANDO (ndomassi.tando@ird.fr) Creation Date 21\/01\/2025 Date de&hellip; Lire la suite\" \/>\n<meta property=\"og:url\" content=\"https:\/\/bioinfo.ird.fr\/index.php\/how-to-utiliser-le-scratch-mutualise\/\" \/>\n<meta property=\"og:site_name\" content=\"itrop\" \/>\n<meta property=\"article:modified_time\" content=\"2025-10-01T07:30:47+00:00\" \/>\n<meta property=\"og:image\" content=\"https:\/\/bioinfo.ird.fr\/wp-content\/uploads\/2025\/03\/scratch-ib.png\" \/>\n<meta name=\"twitter:card\" content=\"summary_large_image\" \/>\n<meta name=\"twitter:site\" content=\"@ItropBioinfo\" \/>\n<meta name=\"twitter:label1\" content=\"Dur\u00e9e de lecture estim\u00e9e\" \/>\n\t<meta name=\"twitter:data1\" content=\"2 minutes\" \/>\n<script type=\"application\/ld+json\" class=\"yoast-schema-graph\">{\"@context\":\"https:\/\/schema.org\",\"@graph\":[{\"@type\":\"WebPage\",\"@id\":\"https:\/\/bioinfo.ird.fr\/index.php\/how-to-utiliser-le-scratch-mutualise\/\",\"url\":\"https:\/\/bioinfo.ird.fr\/index.php\/how-to-utiliser-le-scratch-mutualise\/\",\"name\":\"How to utiliser le scratch mutualise: scratch-ib - itrop\",\"isPartOf\":{\"@id\":\"https:\/\/bioinfo.ird.fr\/#website\"},\"primaryImageOfPage\":{\"@id\":\"https:\/\/bioinfo.ird.fr\/index.php\/how-to-utiliser-le-scratch-mutualise\/#primaryimage\"},\"image\":{\"@id\":\"https:\/\/bioinfo.ird.fr\/index.php\/how-to-utiliser-le-scratch-mutualise\/#primaryimage\"},\"thumbnailUrl\":\"https:\/\/bioinfo.ird.fr\/wp-content\/uploads\/2025\/03\/scratch-ib.png\",\"datePublished\":\"2025-03-07T17:28:20+00:00\",\"dateModified\":\"2025-10-01T07:30:47+00:00\",\"breadcrumb\":{\"@id\":\"https:\/\/bioinfo.ird.fr\/index.php\/how-to-utiliser-le-scratch-mutualise\/#breadcrumb\"},\"inLanguage\":\"fr-FR\",\"potentialAction\":[{\"@type\":\"ReadAction\",\"target\":[\"https:\/\/bioinfo.ird.fr\/index.php\/how-to-utiliser-le-scratch-mutualise\/\"]}]},{\"@type\":\"ImageObject\",\"inLanguage\":\"fr-FR\",\"@id\":\"https:\/\/bioinfo.ird.fr\/index.php\/how-to-utiliser-le-scratch-mutualise\/#primaryimage\",\"url\":\"https:\/\/bioinfo.ird.fr\/wp-content\/uploads\/2025\/03\/scratch-ib.png\",\"contentUrl\":\"https:\/\/bioinfo.ird.fr\/wp-content\/uploads\/2025\/03\/scratch-ib.png\",\"width\":751,\"height\":551},{\"@type\":\"BreadcrumbList\",\"@id\":\"https:\/\/bioinfo.ird.fr\/index.php\/how-to-utiliser-le-scratch-mutualise\/#breadcrumb\",\"itemListElement\":[{\"@type\":\"ListItem\",\"position\":1,\"name\":\"Accueil\",\"item\":\"https:\/\/bioinfo.ird.fr\/index.php\/en\/front-page-2\/\"},{\"@type\":\"ListItem\",\"position\":2,\"name\":\"How to utiliser le scratch mutualise: scratch-ib\"}]},{\"@type\":\"WebSite\",\"@id\":\"https:\/\/bioinfo.ird.fr\/#website\",\"url\":\"https:\/\/bioinfo.ird.fr\/\",\"name\":\"itrop\",\"description\":\"\",\"publisher\":{\"@id\":\"https:\/\/bioinfo.ird.fr\/#organization\"},\"potentialAction\":[{\"@type\":\"SearchAction\",\"target\":{\"@type\":\"EntryPoint\",\"urlTemplate\":\"https:\/\/bioinfo.ird.fr\/?s={search_term_string}\"},\"query-input\":{\"@type\":\"PropertyValueSpecification\",\"valueRequired\":true,\"valueName\":\"search_term_string\"}}],\"inLanguage\":\"fr-FR\"},{\"@type\":\"Organization\",\"@id\":\"https:\/\/bioinfo.ird.fr\/#organization\",\"name\":\"i-Trop\",\"url\":\"https:\/\/bioinfo.ird.fr\/\",\"logo\":{\"@type\":\"ImageObject\",\"inLanguage\":\"fr-FR\",\"@id\":\"https:\/\/bioinfo.ird.fr\/#\/schema\/logo\/image\/\",\"url\":\"https:\/\/bioinfo.ird.fr\/wp-content\/uploads\/2021\/10\/i-tropTwt5.png\",\"contentUrl\":\"https:\/\/bioinfo.ird.fr\/wp-content\/uploads\/2021\/10\/i-tropTwt5.png\",\"width\":1356,\"height\":1356,\"caption\":\"i-Trop\"},\"image\":{\"@id\":\"https:\/\/bioinfo.ird.fr\/#\/schema\/logo\/image\/\"},\"sameAs\":[\"https:\/\/x.com\/ItropBioinfo\"]}]}<\/script>\n<!-- \/ Yoast SEO plugin. -->","yoast_head_json":{"title":"How to utiliser le scratch mutualise: scratch-ib - itrop","robots":{"index":"index","follow":"follow","max-snippet":"max-snippet:-1","max-image-preview":"max-image-preview:large","max-video-preview":"max-video-preview:-1"},"canonical":"https:\/\/bioinfo.ird.fr\/index.php\/how-to-utiliser-le-scratch-mutualise\/","og_locale":"fr_FR","og_type":"article","og_title":"How to utiliser le scratch mutualise: scratch-ib - itrop","og_description":"How to - Utiliser le scratch mutualis\u00e9 \/scratch-ib Description Utiliser \/scratch-ib Auteur ndomassi TANDO (ndomassi.tando@ird.fr) Creation Date 21\/01\/2025 Date de&hellip; Lire la suite","og_url":"https:\/\/bioinfo.ird.fr\/index.php\/how-to-utiliser-le-scratch-mutualise\/","og_site_name":"itrop","article_modified_time":"2025-10-01T07:30:47+00:00","og_image":[{"url":"https:\/\/bioinfo.ird.fr\/wp-content\/uploads\/2025\/03\/scratch-ib.png","type":"","width":"","height":""}],"twitter_card":"summary_large_image","twitter_site":"@ItropBioinfo","twitter_misc":{"Dur\u00e9e de lecture estim\u00e9e":"2 minutes"},"schema":{"@context":"https:\/\/schema.org","@graph":[{"@type":"WebPage","@id":"https:\/\/bioinfo.ird.fr\/index.php\/how-to-utiliser-le-scratch-mutualise\/","url":"https:\/\/bioinfo.ird.fr\/index.php\/how-to-utiliser-le-scratch-mutualise\/","name":"How to utiliser le scratch mutualise: scratch-ib - itrop","isPartOf":{"@id":"https:\/\/bioinfo.ird.fr\/#website"},"primaryImageOfPage":{"@id":"https:\/\/bioinfo.ird.fr\/index.php\/how-to-utiliser-le-scratch-mutualise\/#primaryimage"},"image":{"@id":"https:\/\/bioinfo.ird.fr\/index.php\/how-to-utiliser-le-scratch-mutualise\/#primaryimage"},"thumbnailUrl":"https:\/\/bioinfo.ird.fr\/wp-content\/uploads\/2025\/03\/scratch-ib.png","datePublished":"2025-03-07T17:28:20+00:00","dateModified":"2025-10-01T07:30:47+00:00","breadcrumb":{"@id":"https:\/\/bioinfo.ird.fr\/index.php\/how-to-utiliser-le-scratch-mutualise\/#breadcrumb"},"inLanguage":"fr-FR","potentialAction":[{"@type":"ReadAction","target":["https:\/\/bioinfo.ird.fr\/index.php\/how-to-utiliser-le-scratch-mutualise\/"]}]},{"@type":"ImageObject","inLanguage":"fr-FR","@id":"https:\/\/bioinfo.ird.fr\/index.php\/how-to-utiliser-le-scratch-mutualise\/#primaryimage","url":"https:\/\/bioinfo.ird.fr\/wp-content\/uploads\/2025\/03\/scratch-ib.png","contentUrl":"https:\/\/bioinfo.ird.fr\/wp-content\/uploads\/2025\/03\/scratch-ib.png","width":751,"height":551},{"@type":"BreadcrumbList","@id":"https:\/\/bioinfo.ird.fr\/index.php\/how-to-utiliser-le-scratch-mutualise\/#breadcrumb","itemListElement":[{"@type":"ListItem","position":1,"name":"Accueil","item":"https:\/\/bioinfo.ird.fr\/index.php\/en\/front-page-2\/"},{"@type":"ListItem","position":2,"name":"How to utiliser le scratch mutualise: scratch-ib"}]},{"@type":"WebSite","@id":"https:\/\/bioinfo.ird.fr\/#website","url":"https:\/\/bioinfo.ird.fr\/","name":"itrop","description":"","publisher":{"@id":"https:\/\/bioinfo.ird.fr\/#organization"},"potentialAction":[{"@type":"SearchAction","target":{"@type":"EntryPoint","urlTemplate":"https:\/\/bioinfo.ird.fr\/?s={search_term_string}"},"query-input":{"@type":"PropertyValueSpecification","valueRequired":true,"valueName":"search_term_string"}}],"inLanguage":"fr-FR"},{"@type":"Organization","@id":"https:\/\/bioinfo.ird.fr\/#organization","name":"i-Trop","url":"https:\/\/bioinfo.ird.fr\/","logo":{"@type":"ImageObject","inLanguage":"fr-FR","@id":"https:\/\/bioinfo.ird.fr\/#\/schema\/logo\/image\/","url":"https:\/\/bioinfo.ird.fr\/wp-content\/uploads\/2021\/10\/i-tropTwt5.png","contentUrl":"https:\/\/bioinfo.ird.fr\/wp-content\/uploads\/2021\/10\/i-tropTwt5.png","width":1356,"height":1356,"caption":"i-Trop"},"image":{"@id":"https:\/\/bioinfo.ird.fr\/#\/schema\/logo\/image\/"},"sameAs":["https:\/\/x.com\/ItropBioinfo"]}]}},"_links":{"self":[{"href":"https:\/\/bioinfo.ird.fr\/index.php\/wp-json\/wp\/v2\/pages\/4532","targetHints":{"allow":["GET"]}}],"collection":[{"href":"https:\/\/bioinfo.ird.fr\/index.php\/wp-json\/wp\/v2\/pages"}],"about":[{"href":"https:\/\/bioinfo.ird.fr\/index.php\/wp-json\/wp\/v2\/types\/page"}],"author":[{"embeddable":true,"href":"https:\/\/bioinfo.ird.fr\/index.php\/wp-json\/wp\/v2\/users\/5"}],"replies":[{"embeddable":true,"href":"https:\/\/bioinfo.ird.fr\/index.php\/wp-json\/wp\/v2\/comments?post=4532"}],"version-history":[{"count":7,"href":"https:\/\/bioinfo.ird.fr\/index.php\/wp-json\/wp\/v2\/pages\/4532\/revisions"}],"predecessor-version":[{"id":4781,"href":"https:\/\/bioinfo.ird.fr\/index.php\/wp-json\/wp\/v2\/pages\/4532\/revisions\/4781"}],"wp:attachment":[{"href":"https:\/\/bioinfo.ird.fr\/index.php\/wp-json\/wp\/v2\/media?parent=4532"}],"curies":[{"name":"wp","href":"https:\/\/api.w.org\/{rel}","templated":true}]}}