{"id":4452,"date":"2024-02-02T11:15:15","date_gmt":"2024-02-02T10:15:15","guid":{"rendered":"https:\/\/bioinfo.ird.fr\/?page_id=4452"},"modified":"2025-10-01T09:27:15","modified_gmt":"2025-10-01T07:27:15","slug":"tutoriaux-how-to-utiliser-le-reseau-infiniband-pour-le-transfert-de-donnees","status":"publish","type":"page","link":"https:\/\/bioinfo.ird.fr\/index.php\/tutoriaux-how-to-utiliser-le-reseau-infiniband-pour-le-transfert-de-donnees\/","title":{"rendered":"Tutoriaux &#8211; How to utiliser le reseau infiniband pour le transfert de donn\u00e9es"},"content":{"rendered":"<h2>Tutoriel Infiniband<\/h2>\n<table>\n<thead>\n<tr>\n<th style=\"text-align: left;\">Description<\/th>\n<th style=\"text-align: left;\">Utiliser le r\u00e9seau Infiniband pour transf\u00e9rer ses sonn\u00e9es<\/th>\n<\/tr>\n<\/thead>\n<tbody>\n<tr>\n<td style=\"text-align: left;\">Auteur<\/td>\n<td style=\"text-align: left;\">Ndomassi TANDO<\/td>\n<\/tr>\n<tr>\n<td style=\"text-align: left;\">Date de cr\u00e9ation<\/td>\n<td style=\"text-align: left;\">02\/02\/2024<\/td>\n<\/tr>\n<tr>\n<td style=\"text-align: left;\">Date de modification<\/td>\n<td style=\"text-align: left;\">01\/10\/2025<\/td>\n<\/tr>\n<\/tbody>\n<\/table>\n<h2>Utiliser les noeuds infiniband pour des transferts plus rapides:<\/h2>\n<h3>R\u00f4le de l'Infiniband :<\/h3>\n<p>Le r\u00e9seau Infiniband(192.168.4.0) permet aux utilisateurs d'avoir acc\u00e8s \u00e0 un r\u00e9seau haut d\u00e9bit pour transf\u00e9rer leurs donn\u00e9es depuis le san vers les nodes et inversement ou entre les noeuds infiniband\u00a0 .<\/p>\n<p>Seulement certains noeuds  dans la liste ci-dessous sont \u00e9quip\u00e9s d'infiniband pour le moment :\u00a0 <\/p>\n<table>\n<thead>\n<tr>\n<th>node<\/th>\n<th>partitions<\/th>\n<th>CPU<\/th>\n<th>RAM total (Gb)<\/th>\n<th>RAM by CPU (Gb\/cpu)<\/th>\n<th>scratch size (To)<\/th>\n<\/tr>\n<\/thead>\n<tbody>\n<tr>\n<td>node0<\/td>\n<td>normal<\/td>\n<td>24<\/td>\n<td>144<\/td>\n<td>6<\/td>\n<td>13<\/td>\n<\/tr>\n<tr>\n<td>node1<\/td>\n<td>normal<\/td>\n<td>24<\/td>\n<td>144<\/td>\n<td>6<\/td>\n<td>2<\/td>\n<\/tr>\n<tr>\n<td>node2<\/td>\n<td>supermem<\/td>\n<td>256<\/td>\n<td>2063<\/td>\n<td>7<\/td>\n<td>13<\/td>\n<\/tr>\n<tr>\n<td>node4<\/td>\n<td>normal<\/td>\n<td>72<\/td>\n<td>257<\/td>\n<td>4<\/td>\n<td>13<\/td>\n<\/tr>\n<tr>\n<td>node5<\/td>\n<td>normal<\/td>\n<td>88<\/td>\n<td>516<\/td>\n<td>6<\/td>\n<td>13<\/td>\n<\/tr>\n<tr>\n<td>node7<\/td>\n<td>normal<\/td>\n<td>24<\/td>\n<td>145<\/td>\n<td>6<\/td>\n<td>3<\/td>\n<\/tr>\n<tr>\n<td>node8<\/td>\n<td>long<\/td>\n<td>24<\/td>\n<td>48<\/td>\n<td>2<\/td>\n<td>13<\/td>\n<\/tr>\n<tr>\n<td>node9<\/td>\n<td>normal<\/td>\n<td>64<\/td>\n<td>144<\/td>\n<td>2<\/td>\n<td>13<\/td>\n<\/tr>\n<tr>\n<td>node11<\/td>\n<td>runner<\/td>\n<td>24<\/td>\n<td>48<\/td>\n<td>2<\/td>\n<td>3<\/td>\n<\/tr>\n<tr>\n<td>node17<\/td>\n<td>normal<\/td>\n<td>48<\/td>\n<td>144<\/td>\n<td>3<\/td>\n<td>13<\/td>\n<\/tr>\n<tr>\n<td>node20<\/td>\n<td>normal<\/td>\n<td>20<\/td>\n<td>64<\/td>\n<td>3<\/td>\n<td>13<\/td>\n<\/tr>\n<tr>\n<td>node21<\/td>\n<td>normal<\/td>\n<td>24<\/td>\n<td>144<\/td>\n<td>6<\/td>\n<td>13<\/td>\n<\/tr>\n<tr>\n<td>node24<\/td>\n<td>normal<\/td>\n<td>20<\/td>\n<td>64<\/td>\n<td>3<\/td>\n<td>13<\/td>\n<\/tr>\n<tr>\n<td>node25<\/td>\n<td>highmem<\/td>\n<td>40<\/td>\n<td>1\u202f032<\/td>\n<td>26<\/td>\n<td>14<\/td>\n<\/tr>\n<tr>\n<td>node26<\/td>\n<td>gpu<\/td>\n<td>24<\/td>\n<td>192<\/td>\n<td>8<\/td>\n<td>14<\/td>\n<\/tr>\n<tr>\n<td>node27<\/td>\n<td>normal<\/td>\n<td>24<\/td>\n<td>144<\/td>\n<td>6<\/td>\n<td>14<\/td>\n<\/tr>\n<\/tbody>\n<\/table>\n<h3>R\u00e9server un noeud Infiniband:<\/h3>\n<p>Pour utiliser le r\u00e9seau infiniband, il suffit d'ajouter le suffixe  <strong>-ib<\/strong> \u00e0 l'alias de la machine \u00e0 connecter, par exemple san deviendra san-ib et node0 deviendra node0-ib etc ...<\/p>\n<p>Utilisez les options\u00a0 \u00a0 <em>-p partition<\/em> ( avec partition la partition du noeud de calcul) <em>--constraint=infiniband<\/em> pour r\u00e9server un ou plusieurs coeurs d'un noeud infiniband. ( cf <a href=\"https:\/\/bioinfo.ird.fr\/index.php\/tutorials-how-to-reserver-un-noeud-en-fonction-de-ses-caracteristiques\/\" title=\"feature page\">feature page<\/a>  pour plus d'explications) <\/p>\n<p>Par exemple nous voulons r\u00e9server un noeud infiniband sur la partition highmem en mode int\u00e9ractif, taper la commande suivante:<\/p>\n<p><code> srun -p highmem --constraint=infiniband --pty bash -i <\/code><\/p>\n<p>Vous \u00eates d\u00e9sormais sur un noeud qui a acc\u00e8s au r\u00e9seau infiniband, pour l'utiliser, modifiez juste l'alias san en san-ib pour faire vos transferts.<\/p>\n<h3>Transfert avec Infiniband:<\/h3>\n<p>Il y a 2 syntaxes possibles:<\/p>\n<h4>R\u00e9cup\u00e9rer des donn\u00e9es depuis le san:<\/h4>\n<p><code>scp -r san-ib:path_to_files\/file local_destination<\/code><\/p>\n<h4>Envoyer des donn\u00e9es vers le san:<\/h4>\n<p><code>scp -r \/local_path_to_files\/file san-ib:remote_destination<\/code><\/p>\n","protected":false},"excerpt":{"rendered":"<p>Tutoriel Infiniband Description Utiliser le r\u00e9seau Infiniband pour transf\u00e9rer ses sonn\u00e9es Auteur Ndomassi TANDO Date de cr\u00e9ation 02\/02\/2024 Date de&hellip; <br \/> <a class=\"read-more\" href=\"https:\/\/bioinfo.ird.fr\/index.php\/tutoriaux-how-to-utiliser-le-reseau-infiniband-pour-le-transfert-de-donnees\/\">Lire la suite<\/a><\/p>\n","protected":false},"author":5,"featured_media":0,"parent":0,"menu_order":0,"comment_status":"closed","ping_status":"closed","template":"","meta":{"inline_featured_image":false,"footnotes":""},"class_list":["post-4452","page","type-page","status-publish","hentry"],"yoast_head":"<!-- This site is optimized with the Yoast SEO plugin v24.2 - https:\/\/yoast.com\/wordpress\/plugins\/seo\/ -->\n<title>Tutoriaux - How to utiliser le reseau infiniband pour le transfert de donn\u00e9es - itrop<\/title>\n<meta name=\"robots\" content=\"index, follow, max-snippet:-1, max-image-preview:large, max-video-preview:-1\" \/>\n<link rel=\"canonical\" href=\"https:\/\/bioinfo.ird.fr\/index.php\/tutoriaux-how-to-utiliser-le-reseau-infiniband-pour-le-transfert-de-donnees\/\" \/>\n<meta property=\"og:locale\" content=\"fr_FR\" \/>\n<meta property=\"og:type\" content=\"article\" \/>\n<meta property=\"og:title\" content=\"Tutoriaux - How to utiliser le reseau infiniband pour le transfert de donn\u00e9es - itrop\" \/>\n<meta property=\"og:description\" content=\"Tutoriel Infiniband Description Utiliser le r\u00e9seau Infiniband pour transf\u00e9rer ses sonn\u00e9es Auteur Ndomassi TANDO Date de cr\u00e9ation 02\/02\/2024 Date de&hellip; Lire la suite\" \/>\n<meta property=\"og:url\" content=\"https:\/\/bioinfo.ird.fr\/index.php\/tutoriaux-how-to-utiliser-le-reseau-infiniband-pour-le-transfert-de-donnees\/\" \/>\n<meta property=\"og:site_name\" content=\"itrop\" \/>\n<meta property=\"article:modified_time\" content=\"2025-10-01T07:27:15+00:00\" \/>\n<meta name=\"twitter:card\" content=\"summary_large_image\" \/>\n<meta name=\"twitter:site\" content=\"@ItropBioinfo\" \/>\n<meta name=\"twitter:label1\" content=\"Dur\u00e9e de lecture estim\u00e9e\" \/>\n\t<meta name=\"twitter:data1\" content=\"1 minute\" \/>\n<script type=\"application\/ld+json\" class=\"yoast-schema-graph\">{\"@context\":\"https:\/\/schema.org\",\"@graph\":[{\"@type\":\"WebPage\",\"@id\":\"https:\/\/bioinfo.ird.fr\/index.php\/tutoriaux-how-to-utiliser-le-reseau-infiniband-pour-le-transfert-de-donnees\/\",\"url\":\"https:\/\/bioinfo.ird.fr\/index.php\/tutoriaux-how-to-utiliser-le-reseau-infiniband-pour-le-transfert-de-donnees\/\",\"name\":\"Tutoriaux - How to utiliser le reseau infiniband pour le transfert de donn\u00e9es - itrop\",\"isPartOf\":{\"@id\":\"https:\/\/bioinfo.ird.fr\/#website\"},\"datePublished\":\"2024-02-02T10:15:15+00:00\",\"dateModified\":\"2025-10-01T07:27:15+00:00\",\"breadcrumb\":{\"@id\":\"https:\/\/bioinfo.ird.fr\/index.php\/tutoriaux-how-to-utiliser-le-reseau-infiniband-pour-le-transfert-de-donnees\/#breadcrumb\"},\"inLanguage\":\"fr-FR\",\"potentialAction\":[{\"@type\":\"ReadAction\",\"target\":[\"https:\/\/bioinfo.ird.fr\/index.php\/tutoriaux-how-to-utiliser-le-reseau-infiniband-pour-le-transfert-de-donnees\/\"]}]},{\"@type\":\"BreadcrumbList\",\"@id\":\"https:\/\/bioinfo.ird.fr\/index.php\/tutoriaux-how-to-utiliser-le-reseau-infiniband-pour-le-transfert-de-donnees\/#breadcrumb\",\"itemListElement\":[{\"@type\":\"ListItem\",\"position\":1,\"name\":\"Accueil\",\"item\":\"https:\/\/bioinfo.ird.fr\/index.php\/en\/front-page-2\/\"},{\"@type\":\"ListItem\",\"position\":2,\"name\":\"Tutoriaux &#8211; How to utiliser le reseau infiniband pour le transfert de donn\u00e9es\"}]},{\"@type\":\"WebSite\",\"@id\":\"https:\/\/bioinfo.ird.fr\/#website\",\"url\":\"https:\/\/bioinfo.ird.fr\/\",\"name\":\"itrop\",\"description\":\"\",\"publisher\":{\"@id\":\"https:\/\/bioinfo.ird.fr\/#organization\"},\"potentialAction\":[{\"@type\":\"SearchAction\",\"target\":{\"@type\":\"EntryPoint\",\"urlTemplate\":\"https:\/\/bioinfo.ird.fr\/?s={search_term_string}\"},\"query-input\":{\"@type\":\"PropertyValueSpecification\",\"valueRequired\":true,\"valueName\":\"search_term_string\"}}],\"inLanguage\":\"fr-FR\"},{\"@type\":\"Organization\",\"@id\":\"https:\/\/bioinfo.ird.fr\/#organization\",\"name\":\"i-Trop\",\"url\":\"https:\/\/bioinfo.ird.fr\/\",\"logo\":{\"@type\":\"ImageObject\",\"inLanguage\":\"fr-FR\",\"@id\":\"https:\/\/bioinfo.ird.fr\/#\/schema\/logo\/image\/\",\"url\":\"https:\/\/bioinfo.ird.fr\/wp-content\/uploads\/2021\/10\/i-tropTwt5.png\",\"contentUrl\":\"https:\/\/bioinfo.ird.fr\/wp-content\/uploads\/2021\/10\/i-tropTwt5.png\",\"width\":1356,\"height\":1356,\"caption\":\"i-Trop\"},\"image\":{\"@id\":\"https:\/\/bioinfo.ird.fr\/#\/schema\/logo\/image\/\"},\"sameAs\":[\"https:\/\/x.com\/ItropBioinfo\"]}]}<\/script>\n<!-- \/ Yoast SEO plugin. -->","yoast_head_json":{"title":"Tutoriaux - How to utiliser le reseau infiniband pour le transfert de donn\u00e9es - itrop","robots":{"index":"index","follow":"follow","max-snippet":"max-snippet:-1","max-image-preview":"max-image-preview:large","max-video-preview":"max-video-preview:-1"},"canonical":"https:\/\/bioinfo.ird.fr\/index.php\/tutoriaux-how-to-utiliser-le-reseau-infiniband-pour-le-transfert-de-donnees\/","og_locale":"fr_FR","og_type":"article","og_title":"Tutoriaux - How to utiliser le reseau infiniband pour le transfert de donn\u00e9es - itrop","og_description":"Tutoriel Infiniband Description Utiliser le r\u00e9seau Infiniband pour transf\u00e9rer ses sonn\u00e9es Auteur Ndomassi TANDO Date de cr\u00e9ation 02\/02\/2024 Date de&hellip; Lire la suite","og_url":"https:\/\/bioinfo.ird.fr\/index.php\/tutoriaux-how-to-utiliser-le-reseau-infiniband-pour-le-transfert-de-donnees\/","og_site_name":"itrop","article_modified_time":"2025-10-01T07:27:15+00:00","twitter_card":"summary_large_image","twitter_site":"@ItropBioinfo","twitter_misc":{"Dur\u00e9e de lecture estim\u00e9e":"1 minute"},"schema":{"@context":"https:\/\/schema.org","@graph":[{"@type":"WebPage","@id":"https:\/\/bioinfo.ird.fr\/index.php\/tutoriaux-how-to-utiliser-le-reseau-infiniband-pour-le-transfert-de-donnees\/","url":"https:\/\/bioinfo.ird.fr\/index.php\/tutoriaux-how-to-utiliser-le-reseau-infiniband-pour-le-transfert-de-donnees\/","name":"Tutoriaux - How to utiliser le reseau infiniband pour le transfert de donn\u00e9es - itrop","isPartOf":{"@id":"https:\/\/bioinfo.ird.fr\/#website"},"datePublished":"2024-02-02T10:15:15+00:00","dateModified":"2025-10-01T07:27:15+00:00","breadcrumb":{"@id":"https:\/\/bioinfo.ird.fr\/index.php\/tutoriaux-how-to-utiliser-le-reseau-infiniband-pour-le-transfert-de-donnees\/#breadcrumb"},"inLanguage":"fr-FR","potentialAction":[{"@type":"ReadAction","target":["https:\/\/bioinfo.ird.fr\/index.php\/tutoriaux-how-to-utiliser-le-reseau-infiniband-pour-le-transfert-de-donnees\/"]}]},{"@type":"BreadcrumbList","@id":"https:\/\/bioinfo.ird.fr\/index.php\/tutoriaux-how-to-utiliser-le-reseau-infiniband-pour-le-transfert-de-donnees\/#breadcrumb","itemListElement":[{"@type":"ListItem","position":1,"name":"Accueil","item":"https:\/\/bioinfo.ird.fr\/index.php\/en\/front-page-2\/"},{"@type":"ListItem","position":2,"name":"Tutoriaux &#8211; How to utiliser le reseau infiniband pour le transfert de donn\u00e9es"}]},{"@type":"WebSite","@id":"https:\/\/bioinfo.ird.fr\/#website","url":"https:\/\/bioinfo.ird.fr\/","name":"itrop","description":"","publisher":{"@id":"https:\/\/bioinfo.ird.fr\/#organization"},"potentialAction":[{"@type":"SearchAction","target":{"@type":"EntryPoint","urlTemplate":"https:\/\/bioinfo.ird.fr\/?s={search_term_string}"},"query-input":{"@type":"PropertyValueSpecification","valueRequired":true,"valueName":"search_term_string"}}],"inLanguage":"fr-FR"},{"@type":"Organization","@id":"https:\/\/bioinfo.ird.fr\/#organization","name":"i-Trop","url":"https:\/\/bioinfo.ird.fr\/","logo":{"@type":"ImageObject","inLanguage":"fr-FR","@id":"https:\/\/bioinfo.ird.fr\/#\/schema\/logo\/image\/","url":"https:\/\/bioinfo.ird.fr\/wp-content\/uploads\/2021\/10\/i-tropTwt5.png","contentUrl":"https:\/\/bioinfo.ird.fr\/wp-content\/uploads\/2021\/10\/i-tropTwt5.png","width":1356,"height":1356,"caption":"i-Trop"},"image":{"@id":"https:\/\/bioinfo.ird.fr\/#\/schema\/logo\/image\/"},"sameAs":["https:\/\/x.com\/ItropBioinfo"]}]}},"_links":{"self":[{"href":"https:\/\/bioinfo.ird.fr\/index.php\/wp-json\/wp\/v2\/pages\/4452","targetHints":{"allow":["GET"]}}],"collection":[{"href":"https:\/\/bioinfo.ird.fr\/index.php\/wp-json\/wp\/v2\/pages"}],"about":[{"href":"https:\/\/bioinfo.ird.fr\/index.php\/wp-json\/wp\/v2\/types\/page"}],"author":[{"embeddable":true,"href":"https:\/\/bioinfo.ird.fr\/index.php\/wp-json\/wp\/v2\/users\/5"}],"replies":[{"embeddable":true,"href":"https:\/\/bioinfo.ird.fr\/index.php\/wp-json\/wp\/v2\/comments?post=4452"}],"version-history":[{"count":9,"href":"https:\/\/bioinfo.ird.fr\/index.php\/wp-json\/wp\/v2\/pages\/4452\/revisions"}],"predecessor-version":[{"id":4777,"href":"https:\/\/bioinfo.ird.fr\/index.php\/wp-json\/wp\/v2\/pages\/4452\/revisions\/4777"}],"wp:attachment":[{"href":"https:\/\/bioinfo.ird.fr\/index.php\/wp-json\/wp\/v2\/media?parent=4452"}],"curies":[{"name":"wp","href":"https:\/\/api.w.org\/{rel}","templated":true}]}}