{"id":3171,"date":"2021-03-16T16:04:02","date_gmt":"2021-03-16T15:04:02","guid":{"rendered":"https:\/\/bioinfo.ird.fr\/?page_id=3171"},"modified":"2025-09-16T10:40:05","modified_gmt":"2025-09-16T08:40:05","slug":"front-page-2","status":"publish","type":"page","link":"https:\/\/bioinfo.ird.fr\/index.php\/en\/front-page-2\/","title":{"rendered":"Front Page"},"content":{"rendered":"\t\t<div data-elementor-type=\"wp-page\" data-elementor-id=\"3171\" class=\"elementor elementor-3171\">\n\t\t\t\t\t\t<div class=\"elementor-inner\">\n\t\t\t\t<div class=\"elementor-section-wrap\">\n\t\t\t\t\t\t\t\t\t<section class=\"has_eae_slider elementor-section elementor-top-section elementor-element elementor-element-f83d071 elementor-section-boxed elementor-section-height-default elementor-section-height-default exad-glass-effect-no exad-sticky-section-no\" data-id=\"f83d071\" data-element_type=\"section\">\n\t\t\t\t\t\t<div class=\"elementor-container elementor-column-gap-default\">\n\t\t\t\t\t\t\t<div class=\"elementor-row\">\n\t\t\t\t\t<div class=\"has_eae_slider elementor-column elementor-col-100 elementor-top-column elementor-element elementor-element-5959efd7 exad-glass-effect-no exad-sticky-section-no\" data-id=\"5959efd7\" data-element_type=\"column\">\n\t\t\t<div class=\"elementor-column-wrap elementor-element-populated\">\n\t\t\t\t\t\t\t<div class=\"elementor-widget-wrap\">\n\t\t\t\t\t\t<div class=\"elementor-element elementor-element-765bf5aa exad-sticky-section-no exad-glass-effect-no elementor-widget elementor-widget-text-editor\" data-id=\"765bf5aa\" data-element_type=\"widget\" data-widget_type=\"text-editor.default\">\n\t\t\t\t<div class=\"elementor-widget-container\">\n\t\t\t\t\t\t\t\t<div class=\"elementor-text-editor elementor-clearfix\">\n\t\t\t\t<div data-label=\"About\" data-id=\"about--1\" data-export-id=\"about-9\" data-category=\"about\" class=\"about-9 content-section content-section-spacing\" id=\"about-1\" style=\"background-color: rgb(245, 250, 253); background-image: none;\">\n<div class=\"gridContainer\">\n<div class=\"row middle-sm text-center\">\n<div class=\"col-sm-5 space-bottom-xs content-column content-right-sm\" data-type=\"column\">\n<h2 class=\"\" style=\"border-bottom-color: rgb(227, 6, 19);\">Our missions<\/h2>\n<p class=\"\">The i-Trop platform is composed of 8 informaticians and bioinformaticians members of four IRD research units<br><br>The i-Trop platform gives access to these research units and their partners to an ISO 9001 certified HPC cluster, conducts trainings, installs tools and provides ressources to perform their bioinformatics analysis.<br><br>It is based on the IRD center of Montpellier, member of the Southgreen platform and of the IFB.<\/p>\n<p> <img decoding=\"async\" class=\"custom-image\" src=\"https:\/\/itrop.ird.fr\/wordpress\/wp-content\/uploads\/2021\/01\/cropped-ifb-SG-3-1.png\" title=\"cropped-ifb-SG-3-1.png\" alt=\"\"><\/p><\/div>\n<div class=\"col-sm-7 flexbox flexbox middle-xs center-xs space-bottom-xs\">\n<div class=\"overlay-box flexbox middle-xs center-xs overlay-holder \">\n<div class=\"overlay-box-offset offset-background shadow-medium bg-color2 hide-xs\"><\/div>\n<p> <img decoding=\"async\" class=\"flexbox shadow-large img1\" src=\"https:\/\/itrop.ird.fr\/wordpress\/wp-content\/uploads\/2021\/02\/cropped-boulettes7-1-e1613597097271-2.png\" data-size=\"600x400\" alt=\"\" title=\"cropped-boulettes7-1-e1613597097271-2.png\"><\/p><\/div>\n<\/div>\n<\/div>\n<\/div>\n<\/div>\n<div id=\"counters-2\" style=\"background-color: #ffffff;\" data-label=\"Counters\" data-id=\"counters-2\" data-export-id=\"counters-2\" data-category=\"counters\" class=\"counters-2 content-section content-section-spacing\">\n<div class=\"gridContainer\">\n<div class=\"row text-center\">\n<div class=\"section-title-col\" data-type=\"column\">  <\/div>\n<\/div>\n<div class=\"row\" data-type=\"row\">\n<div class=\"col-xs-12 col-sm-4 text-center space-bottom col-md-3\"><p>   <img decoding=\"async\" class=\"custom-image\" src=\"https:\/\/itrop.ird.fr\/wordpress\/wp-content\/uploads\/2020\/11\/cropped-icon-hpc-users.png\" alt=\"\" title=\"cropped-icon-hpc-users.png\"><\/p>\n<h3 class=\"font-400\" data-min=\"0\" data-max=\"169\" data-duration=\"2000\" data-prefix=\"\" data-suffix=\"+\" data-countup=\"true\"><\/h3>\n<h5 class=\"upper color2\">HPC Users<\/h5>\n<\/div>\n<div class=\"col-xs-12 col-sm-4 text-center space-bottom col-md-3\"><p>  <img decoding=\"async\" class=\"custom-image\" src=\"https:\/\/itrop.ird.fr\/wordpress\/wp-content\/uploads\/2020\/11\/cropped-icon-trainings.png\" alt=\"\" title=\"cropped-icon-trainings.png\"><\/p>\n<h3 class=\"font-400\" data-min=\"0\" data-max=\"175\" data-duration=\"2000\" data-prefix=\"\" data-suffix=\"+\" data-countup=\"true\"><\/h3>\n<h5 class=\"upper color2\">Projects<\/h5>\n<\/div>\n<div class=\"col-xs-12 col-sm-4 text-center space-bottom col-md-3\"><p>  <img decoding=\"async\" class=\"custom-image\" src=\"https:\/\/itrop.ird.fr\/wordpress\/wp-content\/uploads\/2020\/11\/cropped-icon-research-projets.png\" alt=\"\" title=\"cropped-icon-research-projets.png\"><\/p>\n<h3 class=\"font-400\" data-min=\"0\" data-max=\"18\" data-duration=\"2000\" data-prefix=\"\" data-suffix=\"+\/an\" data-countup=\"true\"><\/h3>\n<h5 class=\"upper color2\">Trainings<\/h5>\n<\/div>\n<div class=\"col-xs-12 col-sm-4 text-center space-bottom col-md-3\"><p>  <img decoding=\"async\" class=\"custom-image\" src=\"https:\/\/itrop.ird.fr\/wordpress\/wp-content\/uploads\/2020\/11\/cropped-icon-staff-members-1.png\" alt=\"\" title=\"cropped-icon-staff-members-1.png\"><\/p>\n<h3 class=\"font-400\" data-min=\"0\" data-max=\"6\" data-duration=\"2000\" data-prefix=\"\" data-suffix=\"\" data-countup=\"true\"><\/h3>\n<h5 class=\"upper color2\">Staff members<\/h5>\n<\/div>\n<\/div>\n<\/div>\n<\/div>\n<div id=\"latest-news-1\" style=\"background-color: #f5fafd;\" data-label=\"Latest-news\" data-id=\"blog-section\" data-export-id=\"blog-section\" data-category=\"latest_news\" class=\"blog-section blog-section-standard content-section content-section-spacing\">\n<div class=\"gridContainer\">\n<div class=\"row\">\n<div data-type=\"column\" class=\"section-title-col\">\n<h2 class=\"\" style=\"border-bottom-color: rgb(227, 6, 19);\">Last news<\/h2>\n<\/div>\n<\/div>\n<div class=\"row\">\n<div data-type=\"row\" data-dynamic-columns=\"handled\" data-content-shortcode=\"mesmerize_latest_news columns=&quot;4&quot; \">\t\t<div class=\"row center-sm content-left-sm\">\n\t\t\t\t\t<div id=\"post-4592\" class=\"col-sm-6 col-md-4 space-bottom space-bottom-xs\">\n\t\t\t\t<div class=\"post-content card y-move bordered\">\n\t\t\t\t\t<div class=\"post-thumbnail\">\n   <a href=\"https:\/\/bioinfo.ird.fr\/index.php\/2025\/05\/20\/cycle-de-formations-i-trop-2025\/\" class=\"post-list-item-thumb \">\n      \n            <svg class=\"mesmerize-post-list-item-thumb-placeholder\" width=\"890\" height=\"580\" viewBox=\"0 0 890 580\"\n         preserveAspectRatio=\"none\">\n         <rect width=\"890\" height=\"580\" style=\"fill:#03a9f4;\"><\/rect>\n      <\/svg>\n               <\/a>\n<\/div>\n\t\t\t\t\t<div class=\"col-padding col-padding-xs\">\n\t\t\t\t\t\t<h3 class=\"post-title space-bottom-small\">\n\t\t\t\t\t\t\t<a href=\"https:\/\/bioinfo.ird.fr\/index.php\/2025\/05\/20\/cycle-de-formations-i-trop-2025\/\" rel=\"bookmark\">\n\t\t\t\t\t\t\t\tCycle de formations i-Trop 2025\t\t\t\t\t\t\t<\/a>\n\t\t\t\t\t\t<\/h3>\n\t\t\t\t\t\t<p>Session de formations i-Trop 2025 Introduction Cette ann\u00e9e, le plateau bioinformatique i-Trop (https:\/\/bioinfo.ird.fr) propose un cycle de 4 formations &quot;bioinformatiques&quot;[&hellip;]<\/p>\n\t\t\t\t\t\t<a class=\"read-more link\" href=\"https:\/\/bioinfo.ird.fr\/index.php\/2025\/05\/20\/cycle-de-formations-i-trop-2025\/\">\n\t\t\t\t\t\t\tRead more\t\t\t\t\t\t<\/a>\n\t\t\t\t\t<\/div>\n\t\t\t\t<\/div>\n\t\t\t<\/div>\n\t\t\t\t\t\t<div id=\"post-3954\" class=\"col-sm-6 col-md-4 space-bottom space-bottom-xs\">\n\t\t\t\t<div class=\"post-content card y-move bordered\">\n\t\t\t\t\t<div class=\"post-thumbnail\">\n   <a href=\"https:\/\/bioinfo.ird.fr\/index.php\/en\/2023\/01\/24\/i-trop-user-comitee-2023\/\" class=\"post-list-item-thumb \">\n      \n            <svg class=\"mesmerize-post-list-item-thumb-placeholder\" width=\"890\" height=\"580\" viewBox=\"0 0 890 580\"\n         preserveAspectRatio=\"none\">\n         <rect width=\"890\" height=\"580\" style=\"fill:#03a9f4;\"><\/rect>\n      <\/svg>\n               <\/a>\n<\/div>\n\t\t\t\t\t<div class=\"col-padding col-padding-xs\">\n\t\t\t\t\t\t<h3 class=\"post-title space-bottom-small\">\n\t\t\t\t\t\t\t<a href=\"https:\/\/bioinfo.ird.fr\/index.php\/en\/2023\/01\/24\/i-trop-user-comitee-2023\/\" rel=\"bookmark\">\n\t\t\t\t\t\t\t\ti-Trop user comitee 2023\t\t\t\t\t\t\t<\/a>\n\t\t\t\t\t\t<\/h3>\n\t\t\t\t\t\t<p>Hello, The i-Trop user committee will take place on Monday, February 13, 2023 from 2 to 4 pm Sincerely, the[&hellip;]<\/p>\n\t\t\t\t\t\t<a class=\"read-more link\" href=\"https:\/\/bioinfo.ird.fr\/index.php\/en\/2023\/01\/24\/i-trop-user-comitee-2023\/\">\n\t\t\t\t\t\t\tRead more\t\t\t\t\t\t<\/a>\n\t\t\t\t\t<\/div>\n\t\t\t\t<\/div>\n\t\t\t<\/div>\n\t\t\t\t\t\t<div id=\"post-3952\" class=\"col-sm-6 col-md-4 space-bottom space-bottom-xs\">\n\t\t\t\t<div class=\"post-content card y-move bordered\">\n\t\t\t\t\t<div class=\"post-thumbnail\">\n   <a href=\"https:\/\/bioinfo.ird.fr\/index.php\/2023\/01\/24\/comite-utilisateur-i-trop-2023\/\" class=\"post-list-item-thumb \">\n      \n            <svg class=\"mesmerize-post-list-item-thumb-placeholder\" width=\"890\" height=\"580\" viewBox=\"0 0 890 580\"\n         preserveAspectRatio=\"none\">\n         <rect width=\"890\" height=\"580\" style=\"fill:#03a9f4;\"><\/rect>\n      <\/svg>\n               <\/a>\n<\/div>\n\t\t\t\t\t<div class=\"col-padding col-padding-xs\">\n\t\t\t\t\t\t<h3 class=\"post-title space-bottom-small\">\n\t\t\t\t\t\t\t<a href=\"https:\/\/bioinfo.ird.fr\/index.php\/2023\/01\/24\/comite-utilisateur-i-trop-2023\/\" rel=\"bookmark\">\n\t\t\t\t\t\t\t\tComit\u00e9 utilisateur i-Trop 2023\t\t\t\t\t\t\t<\/a>\n\t\t\t\t\t\t<\/h3>\n\t\t\t\t\t\t<p>Bonjour, Le comit\u00e9 utilisateur i-Trop aura lieu le lundi 13 f\u00e9vrier 2023 de 14h \u00e0 16h Cordialement, le plateau i-Trop<\/p>\n\t\t\t\t\t\t<a class=\"read-more link\" href=\"https:\/\/bioinfo.ird.fr\/index.php\/2023\/01\/24\/comite-utilisateur-i-trop-2023\/\">\n\t\t\t\t\t\t\tRead more\t\t\t\t\t\t<\/a>\n\t\t\t\t\t<\/div>\n\t\t\t\t<\/div>\n\t\t\t<\/div>\n\t\t\t\t<\/div>\n\t<\/div>\n<\/div>\n<div class=\"row\">\n<div class=\"text-center\"> <a class=\"button color1\" data-attr-shortcode=\"href:mesmerize_blog_link\" href=\"[mesmerize_blog_link]\">see more news<\/a><\/div>\n<\/div>\n<\/div>\n<\/div>\t\t\t\t\t<\/div>\n\t\t\t\t\t\t<\/div>\n\t\t\t\t<\/div>\n\t\t\t\t\t\t<\/div>\n\t\t\t\t\t<\/div>\n\t\t<\/div>\n\t\t\t\t\t\t\t\t<\/div>\n\t\t\t\t\t<\/div>\n\t\t<\/section>\n\t\t\t\t\t\t\t\t\t<\/div>\n\t\t\t<\/div>\n\t\t\t\t\t<\/div>\n\t\t","protected":false},"excerpt":{"rendered":"<p>Our missions The i-Trop platform is composed of 8 informaticians and bioinformaticians members of four IRD research unitsThe i-Trop platform&hellip; <br \/> <a class=\"read-more\" href=\"https:\/\/bioinfo.ird.fr\/index.php\/2023\/01\/24\/comite-utilisateur-i-trop-2023\/\">Lire la suite<\/a><\/p>\n","protected":false},"author":1,"featured_media":0,"parent":0,"menu_order":0,"comment_status":"closed","ping_status":"closed","template":"page-templates\/homepage.php","meta":{"inline_featured_image":false,"footnotes":""},"class_list":["post-3171","page","type-page","status-publish","hentry"],"yoast_head":"<!-- This site is optimized with the Yoast SEO plugin v24.2 - https:\/\/yoast.com\/wordpress\/plugins\/seo\/ -->\n<title>itrop<\/title>\n<meta name=\"robots\" content=\"index, follow, max-snippet:-1, max-image-preview:large, max-video-preview:-1\" \/>\n<link rel=\"canonical\" href=\"https:\/\/bioinfo.ird.fr\/index.php\/en\/front-page-2\/\" \/>\n<meta property=\"og:locale\" content=\"fr_FR\" \/>\n<meta property=\"og:type\" content=\"article\" \/>\n<meta property=\"og:title\" content=\"itrop\" \/>\n<meta property=\"og:description\" content=\"Our missions The i-Trop platform is composed of 8 informaticians and bioinformaticians members of four IRD research unitsThe i-Trop platform&hellip; Lire la suite\" \/>\n<meta property=\"og:url\" content=\"https:\/\/bioinfo.ird.fr\/index.php\/en\/front-page-2\/\" \/>\n<meta property=\"og:site_name\" content=\"itrop\" \/>\n<meta property=\"article:modified_time\" content=\"2025-09-16T08:40:05+00:00\" \/>\n<meta property=\"og:image\" content=\"https:\/\/itrop.ird.fr\/wordpress\/wp-content\/uploads\/2021\/01\/cropped-ifb-SG-3-1.png\" \/>\n<meta name=\"twitter:card\" content=\"summary_large_image\" \/>\n<meta name=\"twitter:site\" content=\"@ItropBioinfo\" \/>\n<script type=\"application\/ld+json\" class=\"yoast-schema-graph\">{\"@context\":\"https:\/\/schema.org\",\"@graph\":[{\"@type\":\"WebPage\",\"@id\":\"https:\/\/bioinfo.ird.fr\/index.php\/en\/front-page-2\/\",\"url\":\"https:\/\/bioinfo.ird.fr\/index.php\/en\/front-page-2\/\",\"name\":\"itrop\",\"isPartOf\":{\"@id\":\"https:\/\/bioinfo.ird.fr\/#website\"},\"primaryImageOfPage\":{\"@id\":\"https:\/\/bioinfo.ird.fr\/index.php\/en\/front-page-2\/#primaryimage\"},\"image\":{\"@id\":\"https:\/\/bioinfo.ird.fr\/index.php\/en\/front-page-2\/#primaryimage\"},\"thumbnailUrl\":\"https:\/\/itrop.ird.fr\/wordpress\/wp-content\/uploads\/2021\/01\/cropped-ifb-SG-3-1.png\",\"datePublished\":\"2021-03-16T15:04:02+00:00\",\"dateModified\":\"2025-09-16T08:40:05+00:00\",\"breadcrumb\":{\"@id\":\"https:\/\/bioinfo.ird.fr\/index.php\/en\/front-page-2\/#breadcrumb\"},\"inLanguage\":\"fr-FR\",\"potentialAction\":[{\"@type\":\"ReadAction\",\"target\":[\"https:\/\/bioinfo.ird.fr\/index.php\/en\/front-page-2\/\"]}]},{\"@type\":\"ImageObject\",\"inLanguage\":\"fr-FR\",\"@id\":\"https:\/\/bioinfo.ird.fr\/index.php\/en\/front-page-2\/#primaryimage\",\"url\":\"https:\/\/itrop.ird.fr\/wordpress\/wp-content\/uploads\/2021\/01\/cropped-ifb-SG-3-1.png\",\"contentUrl\":\"https:\/\/itrop.ird.fr\/wordpress\/wp-content\/uploads\/2021\/01\/cropped-ifb-SG-3-1.png\"},{\"@type\":\"BreadcrumbList\",\"@id\":\"https:\/\/bioinfo.ird.fr\/index.php\/en\/front-page-2\/#breadcrumb\",\"itemListElement\":[{\"@type\":\"ListItem\",\"position\":1,\"name\":\"Accueil\",\"item\":\"https:\/\/bioinfo.ird.fr\/index.php\/en\/front-page-2\/\"},{\"@type\":\"ListItem\",\"position\":2,\"name\":\"Front Page\"}]},{\"@type\":\"WebSite\",\"@id\":\"https:\/\/bioinfo.ird.fr\/#website\",\"url\":\"https:\/\/bioinfo.ird.fr\/\",\"name\":\"itrop\",\"description\":\"\",\"publisher\":{\"@id\":\"https:\/\/bioinfo.ird.fr\/#organization\"},\"potentialAction\":[{\"@type\":\"SearchAction\",\"target\":{\"@type\":\"EntryPoint\",\"urlTemplate\":\"https:\/\/bioinfo.ird.fr\/?s={search_term_string}\"},\"query-input\":{\"@type\":\"PropertyValueSpecification\",\"valueRequired\":true,\"valueName\":\"search_term_string\"}}],\"inLanguage\":\"fr-FR\"},{\"@type\":\"Organization\",\"@id\":\"https:\/\/bioinfo.ird.fr\/#organization\",\"name\":\"i-Trop\",\"url\":\"https:\/\/bioinfo.ird.fr\/\",\"logo\":{\"@type\":\"ImageObject\",\"inLanguage\":\"fr-FR\",\"@id\":\"https:\/\/bioinfo.ird.fr\/#\/schema\/logo\/image\/\",\"url\":\"https:\/\/bioinfo.ird.fr\/wp-content\/uploads\/2021\/10\/i-tropTwt5.png\",\"contentUrl\":\"https:\/\/bioinfo.ird.fr\/wp-content\/uploads\/2021\/10\/i-tropTwt5.png\",\"width\":1356,\"height\":1356,\"caption\":\"i-Trop\"},\"image\":{\"@id\":\"https:\/\/bioinfo.ird.fr\/#\/schema\/logo\/image\/\"},\"sameAs\":[\"https:\/\/x.com\/ItropBioinfo\"]}]}<\/script>\n<!-- \/ Yoast SEO plugin. -->","yoast_head_json":{"title":"itrop","robots":{"index":"index","follow":"follow","max-snippet":"max-snippet:-1","max-image-preview":"max-image-preview:large","max-video-preview":"max-video-preview:-1"},"canonical":"https:\/\/bioinfo.ird.fr\/index.php\/en\/front-page-2\/","og_locale":"fr_FR","og_type":"article","og_title":"itrop","og_description":"Our missions The i-Trop platform is composed of 8 informaticians and bioinformaticians members of four IRD research unitsThe i-Trop platform&hellip; Lire la suite","og_url":"https:\/\/bioinfo.ird.fr\/index.php\/en\/front-page-2\/","og_site_name":"itrop","article_modified_time":"2025-09-16T08:40:05+00:00","og_image":[{"url":"https:\/\/itrop.ird.fr\/wordpress\/wp-content\/uploads\/2021\/01\/cropped-ifb-SG-3-1.png","type":"","width":"","height":""}],"twitter_card":"summary_large_image","twitter_site":"@ItropBioinfo","schema":{"@context":"https:\/\/schema.org","@graph":[{"@type":"WebPage","@id":"https:\/\/bioinfo.ird.fr\/index.php\/en\/front-page-2\/","url":"https:\/\/bioinfo.ird.fr\/index.php\/en\/front-page-2\/","name":"itrop","isPartOf":{"@id":"https:\/\/bioinfo.ird.fr\/#website"},"primaryImageOfPage":{"@id":"https:\/\/bioinfo.ird.fr\/index.php\/en\/front-page-2\/#primaryimage"},"image":{"@id":"https:\/\/bioinfo.ird.fr\/index.php\/en\/front-page-2\/#primaryimage"},"thumbnailUrl":"https:\/\/itrop.ird.fr\/wordpress\/wp-content\/uploads\/2021\/01\/cropped-ifb-SG-3-1.png","datePublished":"2021-03-16T15:04:02+00:00","dateModified":"2025-09-16T08:40:05+00:00","breadcrumb":{"@id":"https:\/\/bioinfo.ird.fr\/index.php\/en\/front-page-2\/#breadcrumb"},"inLanguage":"fr-FR","potentialAction":[{"@type":"ReadAction","target":["https:\/\/bioinfo.ird.fr\/index.php\/en\/front-page-2\/"]}]},{"@type":"ImageObject","inLanguage":"fr-FR","@id":"https:\/\/bioinfo.ird.fr\/index.php\/en\/front-page-2\/#primaryimage","url":"https:\/\/itrop.ird.fr\/wordpress\/wp-content\/uploads\/2021\/01\/cropped-ifb-SG-3-1.png","contentUrl":"https:\/\/itrop.ird.fr\/wordpress\/wp-content\/uploads\/2021\/01\/cropped-ifb-SG-3-1.png"},{"@type":"BreadcrumbList","@id":"https:\/\/bioinfo.ird.fr\/index.php\/en\/front-page-2\/#breadcrumb","itemListElement":[{"@type":"ListItem","position":1,"name":"Accueil","item":"https:\/\/bioinfo.ird.fr\/index.php\/en\/front-page-2\/"},{"@type":"ListItem","position":2,"name":"Front Page"}]},{"@type":"WebSite","@id":"https:\/\/bioinfo.ird.fr\/#website","url":"https:\/\/bioinfo.ird.fr\/","name":"itrop","description":"","publisher":{"@id":"https:\/\/bioinfo.ird.fr\/#organization"},"potentialAction":[{"@type":"SearchAction","target":{"@type":"EntryPoint","urlTemplate":"https:\/\/bioinfo.ird.fr\/?s={search_term_string}"},"query-input":{"@type":"PropertyValueSpecification","valueRequired":true,"valueName":"search_term_string"}}],"inLanguage":"fr-FR"},{"@type":"Organization","@id":"https:\/\/bioinfo.ird.fr\/#organization","name":"i-Trop","url":"https:\/\/bioinfo.ird.fr\/","logo":{"@type":"ImageObject","inLanguage":"fr-FR","@id":"https:\/\/bioinfo.ird.fr\/#\/schema\/logo\/image\/","url":"https:\/\/bioinfo.ird.fr\/wp-content\/uploads\/2021\/10\/i-tropTwt5.png","contentUrl":"https:\/\/bioinfo.ird.fr\/wp-content\/uploads\/2021\/10\/i-tropTwt5.png","width":1356,"height":1356,"caption":"i-Trop"},"image":{"@id":"https:\/\/bioinfo.ird.fr\/#\/schema\/logo\/image\/"},"sameAs":["https:\/\/x.com\/ItropBioinfo"]}]}},"_links":{"self":[{"href":"https:\/\/bioinfo.ird.fr\/index.php\/wp-json\/wp\/v2\/pages\/3171","targetHints":{"allow":["GET"]}}],"collection":[{"href":"https:\/\/bioinfo.ird.fr\/index.php\/wp-json\/wp\/v2\/pages"}],"about":[{"href":"https:\/\/bioinfo.ird.fr\/index.php\/wp-json\/wp\/v2\/types\/page"}],"author":[{"embeddable":true,"href":"https:\/\/bioinfo.ird.fr\/index.php\/wp-json\/wp\/v2\/users\/1"}],"replies":[{"embeddable":true,"href":"https:\/\/bioinfo.ird.fr\/index.php\/wp-json\/wp\/v2\/comments?post=3171"}],"version-history":[{"count":6,"href":"https:\/\/bioinfo.ird.fr\/index.php\/wp-json\/wp\/v2\/pages\/3171\/revisions"}],"predecessor-version":[{"id":4748,"href":"https:\/\/bioinfo.ird.fr\/index.php\/wp-json\/wp\/v2\/pages\/3171\/revisions\/4748"}],"wp:attachment":[{"href":"https:\/\/bioinfo.ird.fr\/index.php\/wp-json\/wp\/v2\/media?parent=3171"}],"curies":[{"name":"wp","href":"https:\/\/api.w.org\/{rel}","templated":true}]}}